{"id":108,"date":"2011-11-20T20:59:41","date_gmt":"2011-11-20T20:59:41","guid":{"rendered":"http:\/\/skupstinazp.ba\/?page_id=108"},"modified":"2024-12-30T15:13:53","modified_gmt":"2024-12-30T14:13:53","slug":"klubovi-naroda","status":"publish","type":"page","link":"https:\/\/skupstinazp.ba\/new\/o-nama\/klubovi-naroda\/","title":{"rendered":"Klubovi Naroda"},"content":{"rendered":"<p><span style=\"font-size: 14pt;\"><strong>KLUB HRVATA<\/strong><\/span><\/p>\n<ul>\n<li>Bla\u017e \u017dupari\u0107<\/li>\n<li>Barbara \u0106o\u0161kovi\u0107<\/li>\n<li>Miljenko Lu\u0161i\u0107<\/li>\n<li>Janja Ili\u010devi\u0107<\/li>\n<li>Ru\u017eica \u017divkovi\u0107<\/li>\n<li>Ivan Markovi\u0107<\/li>\n<li>Ilija Ili\u0107<\/li>\n<li>Nata\u0161a Or\u0161oli\u0107<\/li>\n<li>Ilija Benkovi\u0107<\/li>\n<li>Dragan Guberac<\/li>\n<li>Joso Or\u0161oli\u0107<\/li>\n<li>Franjo Bla\u017eanovi\u0107<\/li>\n<li>Drago Ze\u010devi\u0107<\/li>\n<\/ul>\n<p><span style=\"font-size: 14pt;\"><strong>KLUB BO\u0160NJAKA<\/strong><\/span><\/p>\n<ul>\n<li>Mujo Puzi\u0107<\/li>\n<li>Zlatko Mujkanovi\u0107<\/li>\n<li>Kenan Deli\u0107<\/li>\n<li>Emir Be\u0161irevi\u0107<\/li>\n<li>Mehmed Memi\u0161evi\u0107<\/li>\n<li>Damir Hamidovi\u0107<\/li>\n<\/ul>\n<p><strong><span style=\"font-size: 14pt;\">KLUB SRBA<\/span><\/strong><\/p>\n<ul>\n<li>Svetlana Kamenja\u0161<\/li>\n<\/ul>\n","protected":false},"excerpt":{"rendered":"<p>KLUB HRVATA Bla\u017e \u017dupari\u0107 Barbara \u0106o\u0161kovi\u0107 Miljenko Lu\u0161i\u0107 Janja Ili\u010devi\u0107 Ru\u017eica \u017divkovi\u0107 Ivan Markovi\u0107 Ilija Ili\u0107 Nata\u0161a Or\u0161oli\u0107 Ilija Benkovi\u0107 Dragan Guberac Joso Or\u0161oli\u0107 Franjo Bla\u017eanovi\u0107 Drago Ze\u010devi\u0107 KLUB BO\u0160NJAKA Mujo Puzi\u0107 Zlatko Mujkanovi\u0107 Kenan Deli\u0107 Emir Be\u0161irevi\u0107 Mehmed Memi\u0161evi\u0107 Damir Hamidovi\u0107 KLUB SRBA Svetlana Kamenja\u0161<\/p>\n","protected":false},"author":2,"featured_media":0,"parent":36,"menu_order":4,"comment_status":"closed","ping_status":"closed","template":"","meta":{"footnotes":""},"class_list":["post-108","page","type-page","status-publish","hentry"],"_links":{"self":[{"href":"https:\/\/skupstinazp.ba\/new\/wp-json\/wp\/v2\/pages\/108","targetHints":{"allow":["GET"]}}],"collection":[{"href":"https:\/\/skupstinazp.ba\/new\/wp-json\/wp\/v2\/pages"}],"about":[{"href":"https:\/\/skupstinazp.ba\/new\/wp-json\/wp\/v2\/types\/page"}],"author":[{"embeddable":true,"href":"https:\/\/skupstinazp.ba\/new\/wp-json\/wp\/v2\/users\/2"}],"replies":[{"embeddable":true,"href":"https:\/\/skupstinazp.ba\/new\/wp-json\/wp\/v2\/comments?post=108"}],"version-history":[{"count":6,"href":"https:\/\/skupstinazp.ba\/new\/wp-json\/wp\/v2\/pages\/108\/revisions"}],"predecessor-version":[{"id":5558,"href":"https:\/\/skupstinazp.ba\/new\/wp-json\/wp\/v2\/pages\/108\/revisions\/5558"}],"up":[{"embeddable":true,"href":"https:\/\/skupstinazp.ba\/new\/wp-json\/wp\/v2\/pages\/36"}],"wp:attachment":[{"href":"https:\/\/skupstinazp.ba\/new\/wp-json\/wp\/v2\/media?parent=108"}],"curies":[{"name":"wp","href":"https:\/\/api.w.org\/{rel}","templated":true}]}}