{"id":111,"date":"2011-11-20T20:59:55","date_gmt":"2011-11-20T20:59:55","guid":{"rendered":"http:\/\/skupstinazp.ba\/?page_id=111"},"modified":"2024-12-30T15:22:59","modified_gmt":"2024-12-30T14:22:59","slug":"klubovi-zastupnika","status":"publish","type":"page","link":"https:\/\/skupstinazp.ba\/new\/o-nama\/klubovi-zastupnika\/","title":{"rendered":"Kolegij Skup\u0161tine"},"content":{"rendered":"<p style=\"text-align: left;\"><b>Bla\u017e \u017dupari\u0107<\/b>, predsjednik Skup\u0161tine<\/p>\n<p><b>Mujo Puzi\u0107<\/b>, dopredsjednika Skup\u0161tine<\/p>\n<p><strong>Svetlana Kamenja\u0161<\/strong>, dopredsjednik Skup\u0161tine<\/p>\n<p><strong>Lucija Mati\u0107<\/strong>, v.d. tajnika Skup\u0161tine<\/p>\n<p><strong>Dragan Guberac<\/strong> &#8211; predsjednik Kluba zastupnika HDZ BiH<\/p>\n<p>&#8211; predsjednik Kluba zastupnika SDA<\/p>\n<p><strong>Franjo Bla\u017eanovi\u0107<\/strong> &#8211; predsjednik mje\u0161ovitog kluba<\/p>\n<p>&nbsp;<\/p>\n<h3 style=\"text-align: center;\"><span style=\"font-size: 14pt;\">Kolegij Skup\u0161tine<\/span><\/h3>\n<p style=\"text-align: center;\">\u010clanak 15.<\/p>\n<p>S ciljem ostvarivanja na\u010dela demokratskog odlu\u010divanja, u\u010dinkovitosti i uskla\u0111ivanja rada, Skup\u0161tina osniva Kolegij Skup\u0161tine (u daljnjem tekstu: Kolegij), kojeg \u010dine:<\/p>\n<ol style=\"list-style-type: lower-alpha;\">\n<li>Predsjednik i dopredsjednici Skup\u0161tine;<\/li>\n<li>Predsjednici klubova zastupnika politi\u010dkih stranaka zastupljenih u Skup\u0161tini i<\/li>\n<li>Tajnik Skup\u0161tine.<\/li>\n<\/ol>\n<p style=\"text-align: center;\">\u010clanak 16.<\/p>\n<p>U okviru svojih prava i du\u017enosti, Kolegij:<\/p>\n<ol style=\"list-style-type: lower-alpha;\">\n<li>utvr\u0111uje prijedlog godi\u0161njeg plana rada Skup\u0161tine i njenih radnih tijela;<\/li>\n<li>osigurava realiziranje prava i du\u017enosti zastupnika za pokretanje inicijativa za djelovanje Skup\u0161tine i ukupno obavljanje njihove funkcije i uloge;<\/li>\n<li>osigurava suradnju sa klubovima naroda i klubovima zastupnika politi\u010dkih stranaka zastupljenih u Skup\u0161tini, te poti\u010de i osigurava njihovu me\u0111usobnu suradnju;<\/li>\n<li>koordinira rad radnih tijela Skup\u0161tine i suradnju Skup\u0161tine i njenih radnih tijela;<\/li>\n<li>osigurava realiziranje prava i du\u017enosti Skup\u0161tine \u00a0prema predsjedniku Vlade i Vladi;<\/li>\n<li>rukovodi i koordinira aktivnostima u pripremi sjednica Skup\u0161tine;<\/li>\n<li>rukovodi i koordinira aktivnostima u pripremi dnevnog reda sjednica Skup\u0161tine;<\/li>\n<li>priprema i utvr\u0111uje prijedlog dnevnog reda za sjednice Skup\u0161tine i<\/li>\n<li>razmatra inicijative i prijedloge upu\u0107ene Skup\u0161tini.<\/li>\n<\/ol>\n<p><strong>\u00a0\u00a0\u00a0\u00a0\u00a0\u00a0\u00a0\u00a0\u00a0\u00a0\u00a0 <\/strong><\/p>\n<p style=\"text-align: center;\">\u010clanak 17.<\/p>\n<ol>\n<li>Kolegij radi u sjednicama.<\/li>\n<li>Sjednice Kolegija odr\u017eavaju se po potrebi.<\/li>\n<li>Sjednice Kolegija saziva i vodi predsjednik Skup\u0161tine.<\/li>\n<li>U slu\u010daju odsutnosti ili sprije\u010denosti Predsjednika iz bilo kojih razloga, sjednicu Kolegija mo\u017ee sazvati i voditi jedan od dopredsjednika Skup\u0161tine.<\/li>\n<li>Sjednicama Kolegija, po pozivu Predsjednika ili na osobni zahtjev, nazo\u010de predsjednik Vlade, ministri u Vladi i predstavnici \u017eupanijskih ministarstava.<\/li>\n<li>Sjednicama Kolegija, po pozivu Predsjednika ili na osobni zahtjev, mogu nazo\u010diti i drugi zastupnici u Skup\u0161tini.<\/li>\n<\/ol>\n<p>&nbsp;<\/p>\n<p style=\"text-align: center;\">\u010clanak 18.<\/p>\n<ol>\n<li>Na sjednicama Kolegija se vodi skra\u0107eni zapisnik.<\/li>\n<li>Zapisnik sa sjednica Kolegija redovito se dostavlja na uvid \u010dlanovima Kolegija.<\/li>\n<li>Tajnik Skup\u0161tine odgovoran je za vo\u0111enje zapisnika na sjednicama Kolegija.<\/li>\n<li>Zapisnik potpisuje predsjednik Skup\u0161tine.<\/li>\n<li>Sjednice Kolegija su javne.<\/li>\n<\/ol>\n<p>&nbsp;<\/p>\n<p style=\"text-align: center;\">\u010clanak 19.<\/p>\n<ol>\n<li>Ukoliko se Kolegij za vrijeme ratnog stanja ili progla\u0161enog stanja prirodne i druge nesre\u0107e, ne mo\u017ee sastati, svoje sjednice \u0107e odr\u017eavati telefonskim ili elektroni\u010dkim putem.<\/li>\n<li>Kolegij Skup\u0161tine za vrijeme ratnog ili progla\u0161enog stanja prirodne i druge nesre\u0107e pored poslova i zadataka iz \u010dlanka 16. ovog Poslovnika:<\/li>\n<\/ol>\n<ol style=\"list-style-type: lower-alpha;\">\n<li>razmatra neposredne zadatke koje treba poduzimati u vezi sa radom Skup\u0161tine;<\/li>\n<li>predla\u017ee mjere i utvr\u0111uje zadatke koje treba obaviti i odre\u0111uje vrijeme, mjesto i na\u010din odr\u017eavanja sjednica Skup\u0161tine;<\/li>\n<li>razmatra i zauzima stavove o na\u010dinu pozivanja zastupnika na sjednicu Skup\u0161tine i o na\u010dinu dostavljanja materijala zastupnicima \u00a0i mo\u017ee, ako to nala\u017eu posebni uvjeti ratnog stanja ili progla\u0161enog stanja prirodne i druge nesre\u0107e, odrediti da se zastupnici pozovu na sjednice putem elektroni\u010dke po\u0161te, telefona, sms poruke ili na drugi na\u010din i<\/li>\n<li>daje suglasnost predsjedniku Skup\u0161tine da, uz stru\u010dnu pomo\u0107 tajnika Skup\u0161tine, sazove i odr\u017ei sjednicu putem elektroni\u010dkih platformi.<\/li>\n<\/ol>\n","protected":false},"excerpt":{"rendered":"<p>Bla\u017e \u017dupari\u0107, predsjednik Skup\u0161tine Mujo Puzi\u0107, dopredsjednika Skup\u0161tine Svetlana Kamenja\u0161, dopredsjednik Skup\u0161tine Lucija Mati\u0107, v.d. tajnika Skup\u0161tine Dragan Guberac &#8211; predsjednik Kluba zastupnika HDZ BiH &#8211; predsjednik Kluba zastupnika SDA Franjo Bla\u017eanovi\u0107 &#8211; predsjednik mje\u0161ovitog kluba &nbsp; Kolegij Skup\u0161tine \u010clanak 15. S ciljem ostvarivanja na\u010dela demokratskog odlu\u010divanja, u\u010dinkovitosti i uskla\u0111ivanja rada, Skup\u0161tina osniva Kolegij Skup\u0161tine &hellip;<br \/><a href=\"https:\/\/skupstinazp.ba\/new\/o-nama\/klubovi-zastupnika\/\" class=\"more-link pen_button pen_element_default pen_icon_arrow_double\">Nastavite \u010ditati <span class=\"screen-reader-text\">Kolegij Skup\u0161tine<\/span><\/a><\/p>\n","protected":false},"author":2,"featured_media":0,"parent":36,"menu_order":3,"comment_status":"closed","ping_status":"closed","template":"","meta":{"footnotes":""},"class_list":["post-111","page","type-page","status-publish","hentry"],"_links":{"self":[{"href":"https:\/\/skupstinazp.ba\/new\/wp-json\/wp\/v2\/pages\/111","targetHints":{"allow":["GET"]}}],"collection":[{"href":"https:\/\/skupstinazp.ba\/new\/wp-json\/wp\/v2\/pages"}],"about":[{"href":"https:\/\/skupstinazp.ba\/new\/wp-json\/wp\/v2\/types\/page"}],"author":[{"embeddable":true,"href":"https:\/\/skupstinazp.ba\/new\/wp-json\/wp\/v2\/users\/2"}],"replies":[{"embeddable":true,"href":"https:\/\/skupstinazp.ba\/new\/wp-json\/wp\/v2\/comments?post=111"}],"version-history":[{"count":7,"href":"https:\/\/skupstinazp.ba\/new\/wp-json\/wp\/v2\/pages\/111\/revisions"}],"predecessor-version":[{"id":5561,"href":"https:\/\/skupstinazp.ba\/new\/wp-json\/wp\/v2\/pages\/111\/revisions\/5561"}],"up":[{"embeddable":true,"href":"https:\/\/skupstinazp.ba\/new\/wp-json\/wp\/v2\/pages\/36"}],"wp:attachment":[{"href":"https:\/\/skupstinazp.ba\/new\/wp-json\/wp\/v2\/media?parent=111"}],"curies":[{"name":"wp","href":"https:\/\/api.w.org\/{rel}","templated":true}]}}