{"id":1732,"date":"2013-12-13T08:40:11","date_gmt":"2013-12-13T08:40:11","guid":{"rendered":"http:\/\/skupstinazp.ba\/1\/?page_id=1732"},"modified":"2025-03-03T12:23:55","modified_gmt":"2025-03-03T11:23:55","slug":"proracuni","status":"publish","type":"page","link":"https:\/\/skupstinazp.ba\/new\/dokumenti\/proracuni\/","title":{"rendered":"Prora\u010duni"},"content":{"rendered":"<p style=\"text-align: center;\"><strong>Zakon o izvr\u0161avanju Prora\u010duna za 2025. godinu<\/strong><\/p>\n<a href=\"https:\/\/skupstinazp.ba\/new\/wp-content\/uploads\/2025\/03\/Zakon-o-izvrsavanju-Proracuna-Zupanije-Posavske-za-2025.-godinu.pdf\" class=\"pdfemb-viewer\" style=\"\" data-width=\"max\" data-height=\"max\" data-toolbar=\"bottom\" data-toolbar-fixed=\"off\">Zakon o izvr\u0161avanju Prora\u010duna \u017dupanije Posavske za 2025. godinu<\/a>\n<p>&nbsp;<\/p>\n<p>&nbsp;<\/p>\n<p style=\"text-align: center;\"><strong>Prora\u010dun \u017dupanije Posavske za 2025. godinu<\/strong><\/p>\n<a href=\"https:\/\/skupstinazp.ba\/new\/wp-content\/uploads\/2025\/03\/Proracun-Zupanije-Posavske-za-2025.pdf\" class=\"pdfemb-viewer\" style=\"\" data-width=\"max\" data-height=\"max\" data-toolbar=\"bottom\" data-toolbar-fixed=\"off\">Prora\u010dun \u017dupanije Posavske za 2025<\/a>\n","protected":false},"excerpt":{"rendered":"<p>Zakon o izvr\u0161avanju Prora\u010duna za 2025. godinu &nbsp; &nbsp; Prora\u010dun \u017dupanije Posavske za 2025. godinu<\/p>\n","protected":false},"author":2,"featured_media":0,"parent":61,"menu_order":2,"comment_status":"closed","ping_status":"closed","template":"","meta":{"footnotes":""},"class_list":["post-1732","page","type-page","status-publish","hentry"],"_links":{"self":[{"href":"https:\/\/skupstinazp.ba\/new\/wp-json\/wp\/v2\/pages\/1732","targetHints":{"allow":["GET"]}}],"collection":[{"href":"https:\/\/skupstinazp.ba\/new\/wp-json\/wp\/v2\/pages"}],"about":[{"href":"https:\/\/skupstinazp.ba\/new\/wp-json\/wp\/v2\/types\/page"}],"author":[{"embeddable":true,"href":"https:\/\/skupstinazp.ba\/new\/wp-json\/wp\/v2\/users\/2"}],"replies":[{"embeddable":true,"href":"https:\/\/skupstinazp.ba\/new\/wp-json\/wp\/v2\/comments?post=1732"}],"version-history":[{"count":8,"href":"https:\/\/skupstinazp.ba\/new\/wp-json\/wp\/v2\/pages\/1732\/revisions"}],"predecessor-version":[{"id":5596,"href":"https:\/\/skupstinazp.ba\/new\/wp-json\/wp\/v2\/pages\/1732\/revisions\/5596"}],"up":[{"embeddable":true,"href":"https:\/\/skupstinazp.ba\/new\/wp-json\/wp\/v2\/pages\/61"}],"wp:attachment":[{"href":"https:\/\/skupstinazp.ba\/new\/wp-json\/wp\/v2\/media?parent=1732"}],"curies":[{"name":"wp","href":"https:\/\/api.w.org\/{rel}","templated":true}]}}