{"id":1781,"date":"2013-12-13T11:06:00","date_gmt":"2013-12-13T10:06:00","guid":{"rendered":"http:\/\/skupstinazp.ba\/1\/?page_id=1781"},"modified":"2022-01-25T10:58:20","modified_gmt":"2022-01-25T09:58:20","slug":"amandman-17-srpanj-2000-godine","status":"publish","type":"page","link":"https:\/\/skupstinazp.ba\/new\/dokumenti\/amandmani\/amandman-17-srpanj-2000-godine\/","title":{"rendered":"Amandman 17. srpanj 2000. godine"},"content":{"rendered":"<p style=\"text-align: justify;\">Na temelju \u010dlanka 75. stavak 3. Ustava \u017dupanije Posavske (&#8220;Narodne novine \u017dupanije Posavske&#8221; broj 1\/96), Skup\u0161tina \u017dupanije Posavske, na sjednici odr\u017eanoj 17. srpnja 2000. godine, donosi<\/p>\n<p style=\"text-align: center;\"><strong>AMANDMAN<\/strong><br \/>\n<strong> na Ustav \u017dupanije Posavske<\/strong><\/p>\n<p style=\"text-align: center;\">\u010clanak 1.<\/p>\n<p style=\"text-align: justify;\">U Ustavu \u017dupanije Posavske, \u010dlanak 19. stavak 1. mijenja se i glasi:<br \/>\n&#8220;Skup\u0161tina \u017dupanije (u daljnjem tekstu: Skup\u0161tina) sastoji se od 21 zastupnika&#8221;.<\/p>\n<p style=\"text-align: center;\">\u010clanak 2.<\/p>\n<p style=\"text-align: justify;\">Ovaj Amandman stupa na snagu nakon objavljivanja u &#8220;Narodnim novinama \u017dupanije Posavske&#8221;.<\/p>\n<p>Bosna i Hercegovina<br \/>\nFEDERACIJA BOSNE I HERCEGOVINE<br \/>\n\u017dUPANIJA POSAVSKA<br \/>\nSkup\u0161tina<br \/>\nBroj: 01-02-27\/2000<br \/>\nDomaljevac, 17. srpnja 2000. godine<\/p>\n<p style=\"text-align: right;\">Predsjednik<br \/>\nVitomir \u0106o\u0161kovi\u0107 v.r.<\/p>\n<p>\u00a0Za download kliknite <a href=\"https:\/\/skupstinazp.ba\/new\/wp-content\/uploads\/2014\/02\/Amandman-17.-srpnja-2000.-godine.pdf\">ovdje<\/a>.<\/p>\n","protected":false},"excerpt":{"rendered":"<p>Na temelju \u010dlanka 75. stavak 3. Ustava \u017dupanije Posavske (&#8220;Narodne novine \u017dupanije Posavske&#8221; broj 1\/96), Skup\u0161tina \u017dupanije Posavske, na sjednici odr\u017eanoj 17. srpnja 2000. godine, donosi AMANDMAN na Ustav \u017dupanije Posavske \u010clanak 1. U Ustavu \u017dupanije Posavske, \u010dlanak 19. stavak 1. mijenja se i glasi: &#8220;Skup\u0161tina \u017dupanije (u daljnjem tekstu: Skup\u0161tina) sastoji se od 21 &hellip;<br \/><a href=\"https:\/\/skupstinazp.ba\/new\/dokumenti\/amandmani\/amandman-17-srpanj-2000-godine\/\" class=\"more-link pen_button pen_element_default pen_icon_arrow_double\">Nastavite \u010ditati <span class=\"screen-reader-text\">Amandman 17. srpanj 2000. godine<\/span><\/a><\/p>\n","protected":false},"author":2,"featured_media":0,"parent":1774,"menu_order":4,"comment_status":"closed","ping_status":"closed","template":"","meta":{"footnotes":""},"class_list":["post-1781","page","type-page","status-publish","hentry"],"_links":{"self":[{"href":"https:\/\/skupstinazp.ba\/new\/wp-json\/wp\/v2\/pages\/1781","targetHints":{"allow":["GET"]}}],"collection":[{"href":"https:\/\/skupstinazp.ba\/new\/wp-json\/wp\/v2\/pages"}],"about":[{"href":"https:\/\/skupstinazp.ba\/new\/wp-json\/wp\/v2\/types\/page"}],"author":[{"embeddable":true,"href":"https:\/\/skupstinazp.ba\/new\/wp-json\/wp\/v2\/users\/2"}],"replies":[{"embeddable":true,"href":"https:\/\/skupstinazp.ba\/new\/wp-json\/wp\/v2\/comments?post=1781"}],"version-history":[{"count":1,"href":"https:\/\/skupstinazp.ba\/new\/wp-json\/wp\/v2\/pages\/1781\/revisions"}],"predecessor-version":[{"id":4777,"href":"https:\/\/skupstinazp.ba\/new\/wp-json\/wp\/v2\/pages\/1781\/revisions\/4777"}],"up":[{"embeddable":true,"href":"https:\/\/skupstinazp.ba\/new\/wp-json\/wp\/v2\/pages\/1774"}],"wp:attachment":[{"href":"https:\/\/skupstinazp.ba\/new\/wp-json\/wp\/v2\/media?parent=1781"}],"curies":[{"name":"wp","href":"https:\/\/api.w.org\/{rel}","templated":true}]}}