{"id":1784,"date":"2013-12-13T11:08:43","date_gmt":"2013-12-13T11:08:43","guid":{"rendered":"http:\/\/skupstinazp.ba\/1\/?page_id=1784"},"modified":"2013-12-13T11:08:43","modified_gmt":"2013-12-13T11:08:43","slug":"amandman-30-studeni-1999-godine","status":"publish","type":"page","link":"https:\/\/skupstinazp.ba\/new\/dokumenti\/amandmani\/amandman-30-studeni-1999-godine\/","title":{"rendered":"Amandman 30. studeni 1999. godine"},"content":{"rendered":"<div align=\"center\">\n<div style=\"text-align: justify;\"><span style=\"color: #000000;\">Na temelju \u010dlanka 75. stavak 3. Ustava \u017dupanije Posavske (&#8220;Narodne novine \u017dupanije Posavske&#8221; broj 1\/96), Skup\u0161tina \u017dupanije Posavske na sjednici odr\u017eanoj 30. studenog 1999. godine, usvojila je<\/span><\/div>\n<\/div>\n<div align=\"center\">\n<div align=\"center\">\n<div style=\"text-align: justify;\"><\/div>\n<div align=\"center\"><strong><span style=\"color: #000000;\">AMANDMAN<\/span><\/strong><\/div>\n<div align=\"center\"><strong><span style=\"color: #000000;\">na Ustav \u017dupanije Posavske<\/span><\/strong><\/div>\n<div><span style=\"color: #000000;\">\u00a0<\/span><\/div>\n<div align=\"center\"><em><span style=\"color: #000000;\">\u010clanak 1.<\/span><\/em><\/div>\n<div style=\"text-align: justify;\"><span style=\"color: #000000;\">\u00a0\u00a0\u00a0\u00a0\u00a0\u00a0\u00a0\u00a0\u00a0\u00a0\u00a0 U Ustavu \u017dupanije Posavske (&#8220;Narodne novine \u017dupanije Posavske&#8221; broj 1\/96 i 3\/96), \u010dlanak 59. mijenja se i glasi:<\/span><\/div>\n<div style=\"text-align: justify;\"><span style=\"color: #000000;\">\u00a0\u00a0\u00a0\u00a0\u00a0\u00a0\u00a0\u00a0\u00a0\u00a0\u00a0 &#8220;Broj \u010dlanova Op\u0107inskog vije\u0107a utvr\u0111uje se Statutom op\u0107ine, s tim da:<\/span><\/div>\n<div style=\"text-align: justify;\"><span style=\"color: #000000;\">&#8211;\u00a0\u00a0\u00a0\u00a0\u00a0\u00a0\u00a0\u00a0\u00a0 op\u0107ima s brojem registriranih bira\u010da manjim od osam tisu\u0107a (8.000) ima izme\u0111u jedanaest (11) i sedamnaest (17) \u010dlanova,<\/span><\/div>\n<div style=\"text-align: justify;\"><span style=\"color: #000000;\">&#8211;\u00a0\u00a0\u00a0\u00a0\u00a0\u00a0\u00a0\u00a0\u00a0 op\u0107ima s brojem registriranih bria\u010da izme\u0111u osam tisu\u0107a (8.000) i dvadeset tisu\u0107a (20.000) ima izme\/u sedamnaest (17) i dvadesetpet (25) \u010dlanova.<\/span><\/div>\n<div><span style=\"color: #000000;\">\u00a0<\/span><\/div>\n<div align=\"center\"><em><span style=\"color: #000000;\">\u010clanak 2.<\/span><\/em><\/div>\n<div style=\"text-align: justify;\"><span style=\"color: #000000;\">\u00a0\u00a0\u00a0\u00a0\u00a0\u00a0\u00a0\u00a0\u00a0\u00a0\u00a0 Ovaj Amandman stupa na snagu nakon objavljivanja u &#8220;Narodnim novinama \u017dupanije Posavske&#8221;<\/span><\/div>\n<div><span style=\"color: #000000;\">\u00a0<\/span><\/div>\n<div style=\"text-align: left;\"><span style=\"color: #000000;\">Bosna i Hercegovina<\/span><\/div>\n<div style=\"text-align: left;\"><span style=\"color: #000000;\">FEDERACIJA BOSNE I HERCEGOVINE<\/span><\/div>\n<div style=\"text-align: left;\"><span style=\"color: #000000;\">\u017dUPANIJA POSAVSKA<\/span><\/div>\n<div style=\"text-align: left;\"><span style=\"color: #000000;\">Skup\u0161tina<\/span><\/div>\n<div style=\"text-align: left;\"><span style=\"color: #000000;\">Broj: 01-02-37\/99<\/span><\/div>\n<div align=\"center\">\n<div style=\"text-align: left;\" align=\"right\"><span style=\"color: #000000;\">Domaljevac, 30. studeni 1999. godine<\/span><\/div>\n<p><span style=\"color: #000000;\"><br \/>\n<\/span><\/p>\n<div style=\"text-align: right;\" align=\"right\"><span style=\"color: #000000;\">Predsjednik<\/span><span style=\"color: #000000;\"><br \/>\nVitomir \u0106o\u0161kovi\u0107 v.r.<\/span><\/div>\n<div style=\"text-align: right;\" align=\"right\"><\/div>\n<div style=\"text-align: left;\" align=\"right\">Za download kliknite <a href=\"https:\/\/skupstinazp.ba\/new\/wp-content\/uploads\/2014\/02\/Amandman-30.-studeni-1999.-godine.pdf\">ovdje<\/a>.<\/div>\n<\/div>\n<\/div>\n<\/div>\n","protected":false},"excerpt":{"rendered":"<p>Na temelju \u010dlanka 75. stavak 3. Ustava \u017dupanije Posavske (&#8220;Narodne novine \u017dupanije Posavske&#8221; broj 1\/96), Skup\u0161tina \u017dupanije Posavske na sjednici odr\u017eanoj 30. studenog 1999. godine, usvojila je AMANDMAN na Ustav \u017dupanije Posavske \u00a0 \u010clanak 1. \u00a0\u00a0\u00a0\u00a0\u00a0\u00a0\u00a0\u00a0\u00a0\u00a0\u00a0 U Ustavu \u017dupanije Posavske (&#8220;Narodne novine \u017dupanije Posavske&#8221; broj 1\/96 i 3\/96), \u010dlanak 59. mijenja se i glasi: \u00a0\u00a0\u00a0\u00a0\u00a0\u00a0\u00a0\u00a0\u00a0\u00a0\u00a0 &hellip;<br \/><a href=\"https:\/\/skupstinazp.ba\/new\/dokumenti\/amandmani\/amandman-30-studeni-1999-godine\/\" class=\"more-link pen_button pen_element_default pen_icon_arrow_double\">Nastavite \u010ditati <span class=\"screen-reader-text\">Amandman 30. studeni 1999. godine<\/span><\/a><\/p>\n","protected":false},"author":2,"featured_media":0,"parent":1774,"menu_order":2,"comment_status":"closed","ping_status":"closed","template":"","meta":{"footnotes":""},"class_list":["post-1784","page","type-page","status-publish","hentry"],"_links":{"self":[{"href":"https:\/\/skupstinazp.ba\/new\/wp-json\/wp\/v2\/pages\/1784","targetHints":{"allow":["GET"]}}],"collection":[{"href":"https:\/\/skupstinazp.ba\/new\/wp-json\/wp\/v2\/pages"}],"about":[{"href":"https:\/\/skupstinazp.ba\/new\/wp-json\/wp\/v2\/types\/page"}],"author":[{"embeddable":true,"href":"https:\/\/skupstinazp.ba\/new\/wp-json\/wp\/v2\/users\/2"}],"replies":[{"embeddable":true,"href":"https:\/\/skupstinazp.ba\/new\/wp-json\/wp\/v2\/comments?post=1784"}],"version-history":[{"count":0,"href":"https:\/\/skupstinazp.ba\/new\/wp-json\/wp\/v2\/pages\/1784\/revisions"}],"up":[{"embeddable":true,"href":"https:\/\/skupstinazp.ba\/new\/wp-json\/wp\/v2\/pages\/1774"}],"wp:attachment":[{"href":"https:\/\/skupstinazp.ba\/new\/wp-json\/wp\/v2\/media?parent=1784"}],"curies":[{"name":"wp","href":"https:\/\/api.w.org\/{rel}","templated":true}]}}