{"id":1787,"date":"2013-12-13T11:11:03","date_gmt":"2013-12-13T10:11:03","guid":{"rendered":"http:\/\/skupstinazp.ba\/1\/?page_id=1787"},"modified":"2022-01-25T10:57:55","modified_gmt":"2022-01-25T09:57:55","slug":"amandman-23-studeni-1996-godine","status":"publish","type":"page","link":"https:\/\/skupstinazp.ba\/new\/dokumenti\/amandmani\/amandman-23-studeni-1996-godine\/","title":{"rendered":"Amandman 23. studeni 1996. godine"},"content":{"rendered":"<p style=\"text-align: justify;\">Na temelju \u010dlanka 75. stavka 3. Ustava \u017dupanije Posavske (&#8220;Narodne novine \u017dupanije Posavske&#8221; broj 1\/96), Skup\u0161tina \u017dupanije Posavske, na sjednici odr\u017eanoj 23. studenog 1996. godine, usvojila je<\/p>\n<p style=\"text-align: center;\"><strong>AMANDMAN<\/strong><br \/>\n<strong> na Ustav \u017dupanije Posavske<\/strong><\/p>\n<p style=\"text-align: center;\"><strong><\/strong>\u010clanak 1.<\/p>\n<p>U Ustavu \u017dupanije Posavske (&#8220;Narodne novine \u017dupanije Posavske&#8221; broj 1\/96), \u010dlanak 59. mijenja se i glasi:<\/p>\n<p style=\"text-align: justify;\">&#8220;Op\u0107insko vije\u0107e sastoji se od 15 do 30 \u010dlanova, a to\u010dan broj utvr\u0111uje se Statutom op\u0107ine&#8221;.<\/p>\n<p style=\"text-align: center;\">\u010clanak 2.<\/p>\n<p style=\"text-align: justify;\">\u00a0\u00a0\u00a0\u00a0\u00a0\u00a0\u00a0\u00a0\u00a0\u00a0\u00a0\u00a0\u00a0\u00a0\u00a0 Ovaj Amandman stupa na snagu nakon objavljivanja u &#8220;Narodnim novinama \u017dupanije Posavske&#8221;.<\/p>\n<p style=\"text-align: left;\">Bosna i Hercegovina<br \/>\nFEDERACIJA BOSNE I HERCEGOVINE<br \/>\n\u017dUPANIJA POSAVSKA<br \/>\nSKUP\u0160TINA<br \/>\nBroj: 01-I-12\/96<br \/>\nOra\u0161je, 23. studenog 1996. godine<\/p>\n<p style=\"text-align: right;\">PREDSJEDNIK<br \/>\nMato Mad\u017earevi\u0107 v.r.<\/p>\n<p style=\"text-align: left;\">Za download kliknite <a href=\"https:\/\/skupstinazp.ba\/new\/wp-content\/uploads\/2014\/02\/Amandman-23.-studenog-1996.-godine.pdf\">ovdje<\/a>.<\/p>\n","protected":false},"excerpt":{"rendered":"<p>Na temelju \u010dlanka 75. stavka 3. Ustava \u017dupanije Posavske (&#8220;Narodne novine \u017dupanije Posavske&#8221; broj 1\/96), Skup\u0161tina \u017dupanije Posavske, na sjednici odr\u017eanoj 23. studenog 1996. godine, usvojila je AMANDMAN na Ustav \u017dupanije Posavske \u010clanak 1. U Ustavu \u017dupanije Posavske (&#8220;Narodne novine \u017dupanije Posavske&#8221; broj 1\/96), \u010dlanak 59. mijenja se i glasi: &#8220;Op\u0107insko vije\u0107e sastoji se od &hellip;<br \/><a href=\"https:\/\/skupstinazp.ba\/new\/dokumenti\/amandmani\/amandman-23-studeni-1996-godine\/\" class=\"more-link pen_button pen_element_default pen_icon_arrow_double\">Nastavite \u010ditati <span class=\"screen-reader-text\">Amandman 23. studeni 1996. godine<\/span><\/a><\/p>\n","protected":false},"author":2,"featured_media":0,"parent":1774,"menu_order":1,"comment_status":"closed","ping_status":"closed","template":"","meta":{"footnotes":""},"class_list":["post-1787","page","type-page","status-publish","hentry"],"_links":{"self":[{"href":"https:\/\/skupstinazp.ba\/new\/wp-json\/wp\/v2\/pages\/1787","targetHints":{"allow":["GET"]}}],"collection":[{"href":"https:\/\/skupstinazp.ba\/new\/wp-json\/wp\/v2\/pages"}],"about":[{"href":"https:\/\/skupstinazp.ba\/new\/wp-json\/wp\/v2\/types\/page"}],"author":[{"embeddable":true,"href":"https:\/\/skupstinazp.ba\/new\/wp-json\/wp\/v2\/users\/2"}],"replies":[{"embeddable":true,"href":"https:\/\/skupstinazp.ba\/new\/wp-json\/wp\/v2\/comments?post=1787"}],"version-history":[{"count":1,"href":"https:\/\/skupstinazp.ba\/new\/wp-json\/wp\/v2\/pages\/1787\/revisions"}],"predecessor-version":[{"id":4775,"href":"https:\/\/skupstinazp.ba\/new\/wp-json\/wp\/v2\/pages\/1787\/revisions\/4775"}],"up":[{"embeddable":true,"href":"https:\/\/skupstinazp.ba\/new\/wp-json\/wp\/v2\/pages\/1774"}],"wp:attachment":[{"href":"https:\/\/skupstinazp.ba\/new\/wp-json\/wp\/v2\/media?parent=1787"}],"curies":[{"name":"wp","href":"https:\/\/api.w.org\/{rel}","templated":true}]}}