{"id":1863,"date":"2014-01-29T11:25:47","date_gmt":"2014-01-29T11:25:47","guid":{"rendered":"http:\/\/skupstinazp.ba\/1\/?page_id=1863"},"modified":"2026-02-18T14:43:43","modified_gmt":"2026-02-18T13:43:43","slug":"program-rada","status":"publish","type":"page","link":"https:\/\/skupstinazp.ba\/new\/dokumenti\/program-rada\/","title":{"rendered":"Program rada"},"content":{"rendered":"<p>Program rada Skup\u0161tine \u017dupanije Posavske za 2026. godinu<\/p>\n<a href=\"https:\/\/skupstinazp.ba\/new\/wp-content\/uploads\/2026\/02\/Program-rada-Skupstine-Zupanije-Posavske-za-2026.-godinu.pdf\" class=\"pdfemb-viewer\" style=\"\" data-width=\"max\" data-height=\"max\" data-toolbar=\"bottom\" data-toolbar-fixed=\"off\">Program rada Skup\u0161tine \u017dupanije Posavske za 2026. godinu<\/a>\n<p>Program rada mo\u017eete preuzeti na ovoj poveznici: <a href=\"https:\/\/skupstinazp.ba\/new\/wp-content\/uploads\/2026\/02\/Program-rada-Skupstine-Zupanije-Posavske-za-2026.-godinu.pdf\" target=\"_blank\" rel=\"noopener\">Program rada Skup\u0161tine \u017dupanije Posavske za 2026. godinu<\/a><\/p>\n<p>&nbsp;<\/p>\n","protected":false},"excerpt":{"rendered":"<p>Program rada Skup\u0161tine \u017dupanije Posavske za 2026. godinu Program rada mo\u017eete preuzeti na ovoj poveznici: Program rada Skup\u0161tine \u017dupanije Posavske za 2026. godinu &nbsp;<\/p>\n","protected":false},"author":2,"featured_media":0,"parent":61,"menu_order":1,"comment_status":"closed","ping_status":"closed","template":"","meta":{"footnotes":""},"class_list":["post-1863","page","type-page","status-publish","hentry"],"_links":{"self":[{"href":"https:\/\/skupstinazp.ba\/new\/wp-json\/wp\/v2\/pages\/1863","targetHints":{"allow":["GET"]}}],"collection":[{"href":"https:\/\/skupstinazp.ba\/new\/wp-json\/wp\/v2\/pages"}],"about":[{"href":"https:\/\/skupstinazp.ba\/new\/wp-json\/wp\/v2\/types\/page"}],"author":[{"embeddable":true,"href":"https:\/\/skupstinazp.ba\/new\/wp-json\/wp\/v2\/users\/2"}],"replies":[{"embeddable":true,"href":"https:\/\/skupstinazp.ba\/new\/wp-json\/wp\/v2\/comments?post=1863"}],"version-history":[{"count":7,"href":"https:\/\/skupstinazp.ba\/new\/wp-json\/wp\/v2\/pages\/1863\/revisions"}],"predecessor-version":[{"id":5818,"href":"https:\/\/skupstinazp.ba\/new\/wp-json\/wp\/v2\/pages\/1863\/revisions\/5818"}],"up":[{"embeddable":true,"href":"https:\/\/skupstinazp.ba\/new\/wp-json\/wp\/v2\/pages\/61"}],"wp:attachment":[{"href":"https:\/\/skupstinazp.ba\/new\/wp-json\/wp\/v2\/media?parent=1863"}],"curies":[{"name":"wp","href":"https:\/\/api.w.org\/{rel}","templated":true}]}}