{"id":1865,"date":"2014-01-29T11:27:18","date_gmt":"2014-01-29T11:27:18","guid":{"rendered":"http:\/\/skupstinazp.ba\/1\/?page_id=1865"},"modified":"2026-02-18T14:41:28","modified_gmt":"2026-02-18T13:41:28","slug":"izvjesce-o-radu","status":"publish","type":"page","link":"https:\/\/skupstinazp.ba\/new\/dokumenti\/izvjesce-o-radu\/","title":{"rendered":"Izvje\u0161\u0107e o radu"},"content":{"rendered":"<p>Izvje\u0161\u0107e o radu Skup\u0161tine \u017dupanije Posavske za 2025. godinu<\/p>\n<a href=\"https:\/\/skupstinazp.ba\/new\/wp-content\/uploads\/2026\/02\/Izvjesce-o-radu-Skupstine-Zupanije-Posavske-za-2025.-godinu.pdf\" class=\"pdfemb-viewer\" style=\"\" data-width=\"max\" data-height=\"max\" data-toolbar=\"bottom\" data-toolbar-fixed=\"off\">Izvje\u0161\u0107e o radu Skup\u0161tine \u017dupanije Posavske za 2025. godinu<\/a>\n<p>Izvje\u0161\u0107e o radu mo\u017eete skinuti na ovoj poveznici: <a href=\"https:\/\/skupstinazp.ba\/new\/wp-content\/uploads\/2026\/02\/Izvjesce-o-radu-Skupstine-Zupanije-Posavske-za-2025.-godinu.pdf\" target=\"_blank\" rel=\"noopener\">Izvje\u0161\u0107e o radu Skup\u0161tine \u017dupanije Posavske za 2025. godinu<\/a><\/p>\n","protected":false},"excerpt":{"rendered":"<p>Izvje\u0161\u0107e o radu Skup\u0161tine \u017dupanije Posavske za 2025. godinu Izvje\u0161\u0107e o radu mo\u017eete skinuti na ovoj poveznici: Izvje\u0161\u0107e o radu Skup\u0161tine \u017dupanije Posavske za 2025. godinu<\/p>\n","protected":false},"author":2,"featured_media":0,"parent":61,"menu_order":2,"comment_status":"closed","ping_status":"closed","template":"","meta":{"footnotes":""},"class_list":["post-1865","page","type-page","status-publish","hentry"],"_links":{"self":[{"href":"https:\/\/skupstinazp.ba\/new\/wp-json\/wp\/v2\/pages\/1865","targetHints":{"allow":["GET"]}}],"collection":[{"href":"https:\/\/skupstinazp.ba\/new\/wp-json\/wp\/v2\/pages"}],"about":[{"href":"https:\/\/skupstinazp.ba\/new\/wp-json\/wp\/v2\/types\/page"}],"author":[{"embeddable":true,"href":"https:\/\/skupstinazp.ba\/new\/wp-json\/wp\/v2\/users\/2"}],"replies":[{"embeddable":true,"href":"https:\/\/skupstinazp.ba\/new\/wp-json\/wp\/v2\/comments?post=1865"}],"version-history":[{"count":7,"href":"https:\/\/skupstinazp.ba\/new\/wp-json\/wp\/v2\/pages\/1865\/revisions"}],"predecessor-version":[{"id":5816,"href":"https:\/\/skupstinazp.ba\/new\/wp-json\/wp\/v2\/pages\/1865\/revisions\/5816"}],"up":[{"embeddable":true,"href":"https:\/\/skupstinazp.ba\/new\/wp-json\/wp\/v2\/pages\/61"}],"wp:attachment":[{"href":"https:\/\/skupstinazp.ba\/new\/wp-json\/wp\/v2\/media?parent=1865"}],"curies":[{"name":"wp","href":"https:\/\/api.w.org\/{rel}","templated":true}]}}