{"id":1918,"date":"2014-02-17T13:02:45","date_gmt":"2014-02-17T12:02:45","guid":{"rendered":"http:\/\/skupstinazp.ba\/1\/?page_id=1918"},"modified":"2022-01-25T10:58:08","modified_gmt":"2022-01-25T09:58:08","slug":"amandman-12-travanj-2000-godine","status":"publish","type":"page","link":"https:\/\/skupstinazp.ba\/new\/dokumenti\/amandmani\/amandman-12-travanj-2000-godine\/","title":{"rendered":"Amandman 12. travanj 2000. godine"},"content":{"rendered":"<p style=\"text-align: justify;\">Na temelju \u010dlanka 75. stavka 3. Ustava \u017dupanije Posavske (&#8220;Narodne novine \u017dupanije Posavske&#8221; broj 1\/96), Skup\u0161tina \u017dupanije Posavske, na sjednici odr\u017eanoj 12. travnja 2000. godine, donosi<\/p>\n<p style=\"text-align: center;\"><strong>AMANDMAN<\/strong><br \/>\n<strong> na Ustav \u017dupanije Posavske<\/strong><\/p>\n<p style=\"text-align: center;\">\u010clanak 1.<\/p>\n<p style=\"text-align: justify;\">U Ustavu \u017dupanije Posavske, \u010dlanak 8. mijenja se i glasi:<\/p>\n<p style=\"text-align: justify;\">&#8220;Grb \u017dupanije Posavske je u obliku stiliziranog \u0161tita oivi\u010denog zlatnom crtom, podijeljenog na tri polja razli\u010dite veli\u010dine s dvije paralelne zlatne crte usmjerene koso od donje lijeve ka gornjoj desnoj strani polja.<\/p>\n<p style=\"text-align: justify;\">Gornji dio polja podijeljen je na crveno-bijela polja &#8211; kvadrate, tako da je prvo polje u lijevom gornjem kutu crvene boje.<\/p>\n<p style=\"text-align: justify;\">Srednje polje grba je bijele boje s dva ravnomjerno raspore\u0111ena ljiljana zlatne boje.<\/p>\n<p style=\"text-align: justify;\">Donje polje grba je plave boje, s \u010detiri simetri\u010dno raspore\u0111ene vijugave bijele crte.&#8221;<\/p>\n<p style=\"text-align: center;\">\u010clanak 2.<\/p>\n<p style=\"text-align: justify;\">U Ustavu \u017eupanije posavske \u010dlanka 9. mijenja se i glasi:<\/p>\n<p style=\"text-align: justify;\">&#8220;Zastava \u017dupanije Posavske sastoji se od tri boje: crvene, bijele i zelene, s grbom \u017dupanije Posavske u sredini.<\/p>\n<p style=\"text-align: justify;\">Omjer \u0161irine i duljine zastave je 1:2. Boje zastave su polo\u017eene vodoravno i to ovim redom s gornje strane: crvena, bijela i zelena. Crvena i bijela boja \u010dine po 42 posto, a zelena boja 16 posto zastave.<\/p>\n<p style=\"text-align: justify;\">Grb \u017dupanije Posavske je smje\u0161ten u sredinu zastave. Sredi\u0161nja to\u010dka grba poklapa se s to\u010dkom u kojoj se sijeku dijagonale zastave.&#8221;<\/p>\n<p style=\"text-align: center;\">\u010clanak 3.<\/p>\n<p style=\"text-align: justify;\">Ovaj Amandman stupa na snagu nakon objavljivanja u &#8220;Narodnim novinama \u017dupanije Posavske&#8221;.<\/p>\n<p>Bosna i Hercegovina<br \/>\nFEDERACIJA BOSNE I HERCEGOVINE<br \/>\n\u017dUPANIJA POSAVSKA<br \/>\nSkup\u0161tina<br \/>\nBroj: 01-02-17\/2000<br \/>\nDomaljevac, 12. travnja 2000. godine<\/p>\n<p style=\"text-align: right;\">Predsjednik<br \/>\nVitomir \u0106o\u0161kovi\u0107 v.r.<\/p>\n<p style=\"text-align: left;\">Za download kliknite <a href=\"https:\/\/skupstinazp.ba\/new\/wp-content\/uploads\/2014\/02\/Amandman-12.-travnja-2000.-godine.pdf\">ovdje<\/a>.<\/p>\n","protected":false},"excerpt":{"rendered":"<p>Na temelju \u010dlanka 75. stavka 3. Ustava \u017dupanije Posavske (&#8220;Narodne novine \u017dupanije Posavske&#8221; broj 1\/96), Skup\u0161tina \u017dupanije Posavske, na sjednici odr\u017eanoj 12. travnja 2000. godine, donosi AMANDMAN na Ustav \u017dupanije Posavske \u010clanak 1. U Ustavu \u017dupanije Posavske, \u010dlanak 8. mijenja se i glasi: &#8220;Grb \u017dupanije Posavske je u obliku stiliziranog \u0161tita oivi\u010denog zlatnom crtom, podijeljenog &hellip;<br \/><a href=\"https:\/\/skupstinazp.ba\/new\/dokumenti\/amandmani\/amandman-12-travanj-2000-godine\/\" class=\"more-link pen_button pen_element_default pen_icon_arrow_double\">Nastavite \u010ditati <span class=\"screen-reader-text\">Amandman 12. travanj 2000. godine<\/span><\/a><\/p>\n","protected":false},"author":2,"featured_media":0,"parent":1774,"menu_order":3,"comment_status":"closed","ping_status":"closed","template":"","meta":{"footnotes":""},"class_list":["post-1918","page","type-page","status-publish","hentry"],"_links":{"self":[{"href":"https:\/\/skupstinazp.ba\/new\/wp-json\/wp\/v2\/pages\/1918","targetHints":{"allow":["GET"]}}],"collection":[{"href":"https:\/\/skupstinazp.ba\/new\/wp-json\/wp\/v2\/pages"}],"about":[{"href":"https:\/\/skupstinazp.ba\/new\/wp-json\/wp\/v2\/types\/page"}],"author":[{"embeddable":true,"href":"https:\/\/skupstinazp.ba\/new\/wp-json\/wp\/v2\/users\/2"}],"replies":[{"embeddable":true,"href":"https:\/\/skupstinazp.ba\/new\/wp-json\/wp\/v2\/comments?post=1918"}],"version-history":[{"count":1,"href":"https:\/\/skupstinazp.ba\/new\/wp-json\/wp\/v2\/pages\/1918\/revisions"}],"predecessor-version":[{"id":4776,"href":"https:\/\/skupstinazp.ba\/new\/wp-json\/wp\/v2\/pages\/1918\/revisions\/4776"}],"up":[{"embeddable":true,"href":"https:\/\/skupstinazp.ba\/new\/wp-json\/wp\/v2\/pages\/1774"}],"wp:attachment":[{"href":"https:\/\/skupstinazp.ba\/new\/wp-json\/wp\/v2\/media?parent=1918"}],"curies":[{"name":"wp","href":"https:\/\/api.w.org\/{rel}","templated":true}]}}