{"id":3666,"date":"2019-02-15T08:48:14","date_gmt":"2019-02-15T08:18:14","guid":{"rendered":"http:\/\/skupstinazp.ba\/Nova\/?page_id=3666"},"modified":"2023-03-02T09:49:24","modified_gmt":"2023-03-02T08:49:24","slug":"neovisni-odbor-za-izbor-i-reviziju","status":"publish","type":"page","link":"https:\/\/skupstinazp.ba\/new\/neovisni-odbor-za-izbor-i-reviziju\/","title":{"rendered":"Neovisni odbor za izbor i reviziju"},"content":{"rendered":"<p>U Neovisni odbor za izbor i reviziju imenuju se:<\/p>\n<p>a) iz reda gra\u0111ana<\/p>\n<ol>\n<li>Ivica Markovi\u0107<\/li>\n<li>Davor Ili\u0107<\/li>\n<li>Dunja Kova\u010devi\u0107<\/li>\n<li>Velid Suba\u0161i\u0107<\/li>\n<li>Mario Brki\u0107<\/li>\n<\/ol>\n<p>b) iz reda predstavnika MUP-a<\/p>\n<ol>\n<li>Mato Mi\u0161kovi\u0107<\/li>\n<li>Mandica Juri\u0107<\/li>\n<\/ol>\n","protected":false},"excerpt":{"rendered":"<p>U Neovisni odbor za izbor i reviziju imenuju se: a) iz reda gra\u0111ana Ivica Markovi\u0107 Davor Ili\u0107 Dunja Kova\u010devi\u0107 Velid Suba\u0161i\u0107 Mario Brki\u0107 b) iz reda predstavnika MUP-a Mato Mi\u0161kovi\u0107 Mandica Juri\u0107<\/p>\n","protected":false},"author":2,"featured_media":0,"parent":0,"menu_order":0,"comment_status":"closed","ping_status":"closed","template":"","meta":{"footnotes":""},"class_list":["post-3666","page","type-page","status-publish","hentry"],"_links":{"self":[{"href":"https:\/\/skupstinazp.ba\/new\/wp-json\/wp\/v2\/pages\/3666","targetHints":{"allow":["GET"]}}],"collection":[{"href":"https:\/\/skupstinazp.ba\/new\/wp-json\/wp\/v2\/pages"}],"about":[{"href":"https:\/\/skupstinazp.ba\/new\/wp-json\/wp\/v2\/types\/page"}],"author":[{"embeddable":true,"href":"https:\/\/skupstinazp.ba\/new\/wp-json\/wp\/v2\/users\/2"}],"replies":[{"embeddable":true,"href":"https:\/\/skupstinazp.ba\/new\/wp-json\/wp\/v2\/comments?post=3666"}],"version-history":[{"count":1,"href":"https:\/\/skupstinazp.ba\/new\/wp-json\/wp\/v2\/pages\/3666\/revisions"}],"predecessor-version":[{"id":5127,"href":"https:\/\/skupstinazp.ba\/new\/wp-json\/wp\/v2\/pages\/3666\/revisions\/5127"}],"wp:attachment":[{"href":"https:\/\/skupstinazp.ba\/new\/wp-json\/wp\/v2\/media?parent=3666"}],"curies":[{"name":"wp","href":"https:\/\/api.w.org\/{rel}","templated":true}]}}