{"id":3668,"date":"2019-02-15T08:59:57","date_gmt":"2019-02-15T08:29:57","guid":{"rendered":"http:\/\/skupstinazp.ba\/Nova\/?page_id=3668"},"modified":"2024-12-30T15:14:45","modified_gmt":"2024-12-30T14:14:45","slug":"klubovi-zastupnika","status":"publish","type":"page","link":"https:\/\/skupstinazp.ba\/new\/klubovi-zastupnika\/","title":{"rendered":"Klubovi zastupnika"},"content":{"rendered":"<p><span style=\"font-size: 14pt;\"><strong>KLUB ZASTUPNIKA HDZ BiH<\/strong><\/span><\/p>\n<ol>\n<li>Dragan Guberac<\/li>\n<li>Bla\u017e \u017dupari\u0107<\/li>\n<li>Barbara \u0106o\u0161kovi\u0107<\/li>\n<li>Nata\u0161a Or\u0161oli\u0107<\/li>\n<li>Ru\u017eica \u017divkovi\u0107<\/li>\n<li>Janja Ili\u010devi\u0107<\/li>\n<li>Svetlana Kamenja\u0161<\/li>\n<li>Ilija Ili\u0107<\/li>\n<li>Ilija Benkovi\u0107<\/li>\n<li>Ivan Markovi\u0107<\/li>\n<li>Miljenko Lu\u0161i\u0107<\/li>\n<\/ol>\n<p>&nbsp;<\/p>\n<p><span style=\"font-size: 14pt;\"><strong>KLUB ZASTUPNIKA SDA<\/strong><\/span><\/p>\n<ol>\n<li>Mehmed Memi\u0161evi\u0107<\/li>\n<li>Kenan Deli\u0107<\/li>\n<\/ol>\n<p>&nbsp;<\/p>\n<p><span style=\"font-size: 14pt;\"><strong>MJE\u0160OVITI KLUB<\/strong><\/span><\/p>\n<ol>\n<li>Franjo Bla\u017eanovi\u0107<\/li>\n<li>Emir Be\u0161irevi\u0107<\/li>\n<li>Drago Ze\u010devi\u0107<\/li>\n<\/ol>\n","protected":false},"excerpt":{"rendered":"<p>KLUB ZASTUPNIKA HDZ BiH Dragan Guberac Bla\u017e \u017dupari\u0107 Barbara \u0106o\u0161kovi\u0107 Nata\u0161a Or\u0161oli\u0107 Ru\u017eica \u017divkovi\u0107 Janja Ili\u010devi\u0107 Svetlana Kamenja\u0161 Ilija Ili\u0107 Ilija Benkovi\u0107 Ivan Markovi\u0107 Miljenko Lu\u0161i\u0107 &nbsp; KLUB ZASTUPNIKA SDA Mehmed Memi\u0161evi\u0107 Kenan Deli\u0107 &nbsp; MJE\u0160OVITI KLUB Franjo Bla\u017eanovi\u0107 Emir Be\u0161irevi\u0107 Drago Ze\u010devi\u0107<\/p>\n","protected":false},"author":2,"featured_media":0,"parent":0,"menu_order":0,"comment_status":"closed","ping_status":"closed","template":"","meta":{"footnotes":""},"class_list":["post-3668","page","type-page","status-publish","hentry"],"_links":{"self":[{"href":"https:\/\/skupstinazp.ba\/new\/wp-json\/wp\/v2\/pages\/3668","targetHints":{"allow":["GET"]}}],"collection":[{"href":"https:\/\/skupstinazp.ba\/new\/wp-json\/wp\/v2\/pages"}],"about":[{"href":"https:\/\/skupstinazp.ba\/new\/wp-json\/wp\/v2\/types\/page"}],"author":[{"embeddable":true,"href":"https:\/\/skupstinazp.ba\/new\/wp-json\/wp\/v2\/users\/2"}],"replies":[{"embeddable":true,"href":"https:\/\/skupstinazp.ba\/new\/wp-json\/wp\/v2\/comments?post=3668"}],"version-history":[{"count":7,"href":"https:\/\/skupstinazp.ba\/new\/wp-json\/wp\/v2\/pages\/3668\/revisions"}],"predecessor-version":[{"id":5559,"href":"https:\/\/skupstinazp.ba\/new\/wp-json\/wp\/v2\/pages\/3668\/revisions\/5559"}],"wp:attachment":[{"href":"https:\/\/skupstinazp.ba\/new\/wp-json\/wp\/v2\/media?parent=3668"}],"curies":[{"name":"wp","href":"https:\/\/api.w.org\/{rel}","templated":true}]}}