{"id":3714,"date":"2019-03-13T11:30:37","date_gmt":"2019-03-13T11:00:37","guid":{"rendered":"http:\/\/skupstinazp.ba\/Nova\/?page_id=3714"},"modified":"2024-12-30T15:19:39","modified_gmt":"2024-12-30T14:19:39","slug":"odbor-za-ustav-poslovnik-i-zakonodavstvo","status":"publish","type":"page","link":"https:\/\/skupstinazp.ba\/new\/odbor-za-ustav-poslovnik-i-zakonodavstvo\/","title":{"rendered":"Odbor za Ustav, Poslovnik i zakonodavstvo"},"content":{"rendered":"<p>U Odbor za Ustav, Poslovnik i zakonodavstvo<\/p>\n<p><strong>Iz reda zastupnika biraju se:<\/strong><\/p>\n<ol>\n<li>Barbara \u0106o\u0161kovi\u0107 iz Domaljevca-\u0160amca, za predsjednika<\/li>\n<li>Nata\u0161a Or\u0161oli\u0107 iz Ora\u0161ja, za \u010dlana<\/li>\n<\/ol>\n<p><strong>Iz reda znanstvenih i stru\u010dnih suradnika imenuju se:<\/strong><\/p>\n<ol>\n<li>Ru\u017eica \u0160apina iz Od\u017eaka, za \u010dlana<\/li>\n<li>Josip Bra\u0161ni\u0107 iz Domaljevca-\u0160amca, za \u010dlana<\/li>\n<li>Ivan Kri\u0161ti\u0107 iz Ora\u0161ja, za \u010dlana<\/li>\n<\/ol>\n","protected":false},"excerpt":{"rendered":"<p>U Odbor za Ustav, Poslovnik i zakonodavstvo Iz reda zastupnika biraju se: Barbara \u0106o\u0161kovi\u0107 iz Domaljevca-\u0160amca, za predsjednika Nata\u0161a Or\u0161oli\u0107 iz Ora\u0161ja, za \u010dlana Iz reda znanstvenih i stru\u010dnih suradnika imenuju se: Ru\u017eica \u0160apina iz Od\u017eaka, za \u010dlana Josip Bra\u0161ni\u0107 iz Domaljevca-\u0160amca, za \u010dlana Ivan Kri\u0161ti\u0107 iz Ora\u0161ja, za \u010dlana<\/p>\n","protected":false},"author":2,"featured_media":0,"parent":0,"menu_order":0,"comment_status":"closed","ping_status":"closed","template":"","meta":{"footnotes":""},"class_list":["post-3714","page","type-page","status-publish","hentry"],"_links":{"self":[{"href":"https:\/\/skupstinazp.ba\/new\/wp-json\/wp\/v2\/pages\/3714","targetHints":{"allow":["GET"]}}],"collection":[{"href":"https:\/\/skupstinazp.ba\/new\/wp-json\/wp\/v2\/pages"}],"about":[{"href":"https:\/\/skupstinazp.ba\/new\/wp-json\/wp\/v2\/types\/page"}],"author":[{"embeddable":true,"href":"https:\/\/skupstinazp.ba\/new\/wp-json\/wp\/v2\/users\/2"}],"replies":[{"embeddable":true,"href":"https:\/\/skupstinazp.ba\/new\/wp-json\/wp\/v2\/comments?post=3714"}],"version-history":[{"count":4,"href":"https:\/\/skupstinazp.ba\/new\/wp-json\/wp\/v2\/pages\/3714\/revisions"}],"predecessor-version":[{"id":5562,"href":"https:\/\/skupstinazp.ba\/new\/wp-json\/wp\/v2\/pages\/3714\/revisions\/5562"}],"wp:attachment":[{"href":"https:\/\/skupstinazp.ba\/new\/wp-json\/wp\/v2\/media?parent=3714"}],"curies":[{"name":"wp","href":"https:\/\/api.w.org\/{rel}","templated":true}]}}