{"id":3716,"date":"2019-03-13T11:34:23","date_gmt":"2019-03-13T11:04:23","guid":{"rendered":"http:\/\/skupstinazp.ba\/Nova\/?page_id=3716"},"modified":"2023-03-02T09:49:48","modified_gmt":"2023-03-02T08:49:48","slug":"odbor-za-gospodarstvo-financije-i-proracun","status":"publish","type":"page","link":"https:\/\/skupstinazp.ba\/new\/odbor-za-gospodarstvo-financije-i-proracun\/","title":{"rendered":"Odbor za gospodarstvo, ekonomsku politiku i prora\u010dun"},"content":{"rendered":"<p>U Odbor za gospodarstvo, ekonomsku politiku i prora\u010dun<\/p>\n<p><strong>Iz reda zastupnika biraju se:<\/strong><\/p>\n<ol>\n<li>Ilija Benkovi\u0107 iz Ora\u0161ja, za predsjednika<\/li>\n<li>Ivan Markovi\u0107 iz Ora\u0161ja, za \u010dlana<\/li>\n<li>Franjo Bla\u017eanovi\u0107 iz Domaljevca-\u0160amca, za \u010dlana<\/li>\n<li>Kenan Deli\u0107 iz Od\u017eaka, za \u010dlana<\/li>\n<\/ol>\n<p><strong>Iz reda znanstvenih i stru\u010dnih suradnika imenuju se:<\/strong><\/p>\n<ol>\n<li>Marko Prgi\u0107 iz Ora\u0161ja, za \u010dlana<\/li>\n<li>Bo\u017eo Beni\u0107 iz Od\u017eaka, za \u010dlana<\/li>\n<li>Pa\u0161aga He\u0107imovi\u0107 iz Ora\u0161ja, za \u010dlana<\/li>\n<\/ol>\n","protected":false},"excerpt":{"rendered":"<p>U Odbor za gospodarstvo, ekonomsku politiku i prora\u010dun Iz reda zastupnika biraju se: Ilija Benkovi\u0107 iz Ora\u0161ja, za predsjednika Ivan Markovi\u0107 iz Ora\u0161ja, za \u010dlana Franjo Bla\u017eanovi\u0107 iz Domaljevca-\u0160amca, za \u010dlana Kenan Deli\u0107 iz Od\u017eaka, za \u010dlana Iz reda znanstvenih i stru\u010dnih suradnika imenuju se: Marko Prgi\u0107 iz Ora\u0161ja, za \u010dlana Bo\u017eo Beni\u0107 iz Od\u017eaka, &hellip;<br \/><a href=\"https:\/\/skupstinazp.ba\/new\/odbor-za-gospodarstvo-financije-i-proracun\/\" class=\"more-link pen_button pen_element_default pen_icon_arrow_double\">Nastavite \u010ditati <span class=\"screen-reader-text\">Odbor za gospodarstvo, ekonomsku politiku i prora\u010dun<\/span><\/a><\/p>\n","protected":false},"author":2,"featured_media":0,"parent":0,"menu_order":0,"comment_status":"closed","ping_status":"closed","template":"","meta":{"footnotes":""},"class_list":["post-3716","page","type-page","status-publish","hentry"],"_links":{"self":[{"href":"https:\/\/skupstinazp.ba\/new\/wp-json\/wp\/v2\/pages\/3716","targetHints":{"allow":["GET"]}}],"collection":[{"href":"https:\/\/skupstinazp.ba\/new\/wp-json\/wp\/v2\/pages"}],"about":[{"href":"https:\/\/skupstinazp.ba\/new\/wp-json\/wp\/v2\/types\/page"}],"author":[{"embeddable":true,"href":"https:\/\/skupstinazp.ba\/new\/wp-json\/wp\/v2\/users\/2"}],"replies":[{"embeddable":true,"href":"https:\/\/skupstinazp.ba\/new\/wp-json\/wp\/v2\/comments?post=3716"}],"version-history":[{"count":4,"href":"https:\/\/skupstinazp.ba\/new\/wp-json\/wp\/v2\/pages\/3716\/revisions"}],"predecessor-version":[{"id":5172,"href":"https:\/\/skupstinazp.ba\/new\/wp-json\/wp\/v2\/pages\/3716\/revisions\/5172"}],"wp:attachment":[{"href":"https:\/\/skupstinazp.ba\/new\/wp-json\/wp\/v2\/media?parent=3716"}],"curies":[{"name":"wp","href":"https:\/\/api.w.org\/{rel}","templated":true}]}}