{"id":44,"date":"2011-11-19T12:24:45","date_gmt":"2011-11-19T12:24:45","guid":{"rendered":"http:\/\/skupstinazp.ba\/?page_id=44"},"modified":"2021-03-25T11:34:44","modified_gmt":"2021-03-25T10:34:44","slug":"kontakt-2","status":"publish","type":"page","link":"https:\/\/skupstinazp.ba\/new\/kontakt-2\/","title":{"rendered":"Kontakt"},"content":{"rendered":"<p><img loading=\"lazy\" decoding=\"async\" class=\"size-full wp-image-4492\" src=\"https:\/\/skupstinazp.ba\/new\/wp-content\/uploads\/2021\/03\/Skupstina-Z\u030cupanije-Posavske-Kontakt.jpg\" alt=\"Skup\u0161tina \u017dupanije Posavske\" width=\"2000\" height=\"1125\" srcset=\"https:\/\/skupstinazp.ba\/new\/wp-content\/uploads\/2021\/03\/Skupstina-Z\u030cupanije-Posavske-Kontakt.jpg 2000w, https:\/\/skupstinazp.ba\/new\/wp-content\/uploads\/2021\/03\/Skupstina-Z\u030cupanije-Posavske-Kontakt-300x169.jpg 300w, https:\/\/skupstinazp.ba\/new\/wp-content\/uploads\/2021\/03\/Skupstina-Z\u030cupanije-Posavske-Kontakt-1024x576.jpg 1024w, https:\/\/skupstinazp.ba\/new\/wp-content\/uploads\/2021\/03\/Skupstina-Z\u030cupanije-Posavske-Kontakt-768x432.jpg 768w, https:\/\/skupstinazp.ba\/new\/wp-content\/uploads\/2021\/03\/Skupstina-Z\u030cupanije-Posavske-Kontakt-1536x864.jpg 1536w\" sizes=\"auto, (max-width: 2000px) 100vw, 2000px\" \/><\/p>\n<p style=\"text-align: center;\"><span style=\"font-size: 14pt;\"><strong>SKUP\u0160TINA \u017dUPANIJE POSAVSKE<\/strong><\/span><\/p>\n<p>Ulica Svete Ane 49<br \/>\n76233 Domaljevac<br \/>\nKontakt telefon Skup\u0161tine \u017dupanije Posavske<br \/>\n031\/791 870 centrala<br \/>\n031\/791 871 fax<br \/>\n031\/791 360 predsjednik<\/p>\n<p><strong>E-mail:<\/strong><br \/>\nstrucna.sluzba@skupstinazp.ba<\/p>\n<p style=\"text-align: center;\"><span style=\"font-size: 14pt;\"><strong>LOKACIJA NA MAPI<\/strong><\/span><\/p>\n<p><center><iframe loading=\"lazy\" style=\"border: 0;\" src=\"https:\/\/www.google.com\/maps\/embed?pb=!1m18!1m12!1m3!1d2818.374842062375!2d18.58238701560585!3d45.057906668482204!2m3!1f0!2f0!3f0!3m2!1i1024!2i768!4f13.1!3m3!1m2!1s0x475c418add955dc9%3A0x9a10ff4a000b52aa!2sSkup%C5%A1tina%20%C5%BDupanije%20Posavske!5e0!3m2!1shr!2sba!4v1616489833767!5m2!1shr!2sba\" width=\"600\" height=\"450\" allowfullscreen=\"allowfullscreen\"><\/iframe><\/center><\/p>\n<p style=\"text-align: center;\"><span style=\"font-size: 14pt;\"><strong>OBRATITE SE PUTEM KONTAKT FORME<\/strong><\/span><\/p>\n\n<div class=\"wpcf7 no-js\" id=\"wpcf7-f4464-o1\" lang=\"hr\" dir=\"ltr\" data-wpcf7-id=\"4464\">\n<div class=\"screen-reader-response\"><p role=\"status\" aria-live=\"polite\" aria-atomic=\"true\"><\/p> <ul><\/ul><\/div>\n<form action=\"\/new\/wp-json\/wp\/v2\/pages\/44#wpcf7-f4464-o1\" method=\"post\" class=\"wpcf7-form init\" aria-label=\"Kontakt obrazac\" novalidate=\"novalidate\" data-status=\"init\">\n<fieldset class=\"hidden-fields-container\"><input type=\"hidden\" name=\"_wpcf7\" value=\"4464\" \/><input type=\"hidden\" name=\"_wpcf7_version\" value=\"6.1.5\" \/><input type=\"hidden\" name=\"_wpcf7_locale\" value=\"hr\" \/><input type=\"hidden\" name=\"_wpcf7_unit_tag\" value=\"wpcf7-f4464-o1\" \/><input type=\"hidden\" name=\"_wpcf7_container_post\" value=\"0\" \/><input type=\"hidden\" name=\"_wpcf7_posted_data_hash\" value=\"\" \/><input type=\"hidden\" name=\"_wpcf7_recaptcha_response\" value=\"\" \/>\n<\/fieldset>\n<p><label> Va\u0161e ime<br \/>\n<span class=\"wpcf7-form-control-wrap\" data-name=\"your-name\"><input size=\"40\" maxlength=\"400\" class=\"wpcf7-form-control wpcf7-text wpcf7-validates-as-required\" aria-required=\"true\" aria-invalid=\"false\" value=\"\" type=\"text\" name=\"your-name\" \/><\/span> <\/label>\n<\/p>\n<p><label> Va\u0161a e-po\u0161ta<br \/>\n<span class=\"wpcf7-form-control-wrap\" data-name=\"your-email\"><input size=\"40\" maxlength=\"400\" class=\"wpcf7-form-control wpcf7-email wpcf7-validates-as-required wpcf7-text wpcf7-validates-as-email\" aria-required=\"true\" aria-invalid=\"false\" value=\"\" type=\"email\" name=\"your-email\" \/><\/span> <\/label>\n<\/p>\n<p><label> Predmet<br \/>\n<span class=\"wpcf7-form-control-wrap\" data-name=\"your-subject\"><input size=\"40\" maxlength=\"400\" class=\"wpcf7-form-control wpcf7-text wpcf7-validates-as-required\" aria-required=\"true\" aria-invalid=\"false\" value=\"\" type=\"text\" name=\"your-subject\" \/><\/span> <\/label>\n<\/p>\n<p><label> Va\u0161a poruka (opcionalno)<br \/>\n<span class=\"wpcf7-form-control-wrap\" data-name=\"your-message\"><textarea cols=\"40\" rows=\"10\" maxlength=\"2000\" class=\"wpcf7-form-control wpcf7-textarea\" aria-invalid=\"false\" name=\"your-message\"><\/textarea><\/span> <\/label>\n<\/p>\n<p><input class=\"wpcf7-form-control wpcf7-submit has-spinner\" type=\"submit\" value=\"Po\u0161alji\" \/>\n<\/p><div class=\"wpcf7-response-output\" aria-hidden=\"true\"><\/div>\n<\/form>\n<\/div>\n\n","protected":false},"excerpt":{"rendered":"<p>SKUP\u0160TINA \u017dUPANIJE POSAVSKE Ulica Svete Ane 49 76233 Domaljevac Kontakt telefon Skup\u0161tine \u017dupanije Posavske 031\/791 870 centrala 031\/791 871 fax 031\/791 360 predsjednik E-mail: strucna.sluzba@skupstinazp.ba LOKACIJA NA MAPI OBRATITE SE PUTEM KONTAKT FORME<\/p>\n","protected":false},"author":2,"featured_media":0,"parent":0,"menu_order":12,"comment_status":"closed","ping_status":"closed","template":"","meta":{"footnotes":""},"class_list":["post-44","page","type-page","status-publish","hentry"],"_links":{"self":[{"href":"https:\/\/skupstinazp.ba\/new\/wp-json\/wp\/v2\/pages\/44","targetHints":{"allow":["GET"]}}],"collection":[{"href":"https:\/\/skupstinazp.ba\/new\/wp-json\/wp\/v2\/pages"}],"about":[{"href":"https:\/\/skupstinazp.ba\/new\/wp-json\/wp\/v2\/types\/page"}],"author":[{"embeddable":true,"href":"https:\/\/skupstinazp.ba\/new\/wp-json\/wp\/v2\/users\/2"}],"replies":[{"embeddable":true,"href":"https:\/\/skupstinazp.ba\/new\/wp-json\/wp\/v2\/comments?post=44"}],"version-history":[{"count":8,"href":"https:\/\/skupstinazp.ba\/new\/wp-json\/wp\/v2\/pages\/44\/revisions"}],"predecessor-version":[{"id":4494,"href":"https:\/\/skupstinazp.ba\/new\/wp-json\/wp\/v2\/pages\/44\/revisions\/4494"}],"wp:attachment":[{"href":"https:\/\/skupstinazp.ba\/new\/wp-json\/wp\/v2\/media?parent=44"}],"curies":[{"name":"wp","href":"https:\/\/api.w.org\/{rel}","templated":true}]}}