{"id":4772,"date":"2022-01-25T11:04:57","date_gmt":"2022-01-25T10:04:57","guid":{"rendered":"https:\/\/skupstinazp.ba\/new\/?page_id=4772"},"modified":"2022-01-25T11:12:17","modified_gmt":"2022-01-25T10:12:17","slug":"amandman-16-prosinac-2021-godine","status":"publish","type":"page","link":"https:\/\/skupstinazp.ba\/new\/amandman-16-prosinac-2021-godine\/","title":{"rendered":"Amandman 16. prosinac 2021. godine"},"content":{"rendered":"<p>Na temelju \u010dlanka 75. Ustava \u017dupanije Posavske (\u201cNarodne novine \u017dupanije Posavske\u201d broj 1\/96, 3\/96, 7\/99, 3\/00, 5\/00 i 7\/04), Skup\u0161tina \u017dupanije Posavske, na VIII. izvanrednoj sjednici odr\u017eanoj dana 16. 12. 2021. godine, usvojila je<\/p>\n<p>&nbsp;<\/p>\n<p style=\"text-align: center;\"><strong>Amandmane XIII-XXXIII<\/strong><\/p>\n<p style=\"text-align: center;\"><strong>na Ustav \u017dupanije Posavske<\/strong><\/p>\n<p><strong>\u00a0<\/strong><\/p>\n<p style=\"text-align: center;\"><strong>Amandman XIII<\/strong><\/p>\n<p style=\"text-align: center;\">\u010clanak 2. mijenja se i glasi:<\/p>\n<p>Hrvati, Bo\u0161njaci i Srbi, kao konstitutivni narodi u Federaciji Bosne i Hercegovine, zajedno\u00a0 s ostalima i gra\u0111anima \u017dupanije Posavske, ravnopravno ostvaruju svoja ustavna prava sukladno ovome Ustavu, Ustavu Federacije Bosne i Hercegovine i Ustavu Bosne i Hercegovine.<\/p>\n<p>&nbsp;<\/p>\n<p style=\"text-align: center;\"><strong>Amandman XIV<\/strong><\/p>\n<p style=\"text-align: center;\">\u010clanak 6. mijenja se i glasi:<\/p>\n<p>Teritorij \u017dupanije obuhva\u0107a podru\u010dja op\u0107ina:<\/p>\n<ol>\n<li>Domaljevac-\u0160amac<\/li>\n<li>Od\u017eak<\/li>\n<li>Ora\u0161je<\/li>\n<\/ol>\n<p style=\"text-align: center;\"><strong>Amandman XV<\/strong><\/p>\n<p style=\"text-align: center;\">\u010clanak 19. stavak 2. bri\u0161e se.<\/p>\n<p>&nbsp;<\/p>\n<p style=\"text-align: center;\"><strong>Amandman XVI<\/strong><\/p>\n<p style=\"text-align: center;\">\u010clanak 20. mijenja se i glasi:<\/p>\n<p>Zastupnici u Skup\u0161tini biraju se na razdoblje od 4 (\u010detiri) godine.<\/p>\n<p>&nbsp;<\/p>\n<p style=\"text-align: center;\"><strong>Amandman XVII<\/strong><\/p>\n<p style=\"text-align: center;\">\u010clanak 22. mijenja se i glasi:<\/p>\n<p>Skup\u0161tina ima predsjednika i dva dopredsjednika koji se biraju iz reda razli\u010ditih konstitutivnih naroda.<\/p>\n<p>U Skup\u0161tini se formira klub zastupnika konstitutivnog naroda uz uvjet da u Skup\u0161tini postoji najmanje jedan zastupnik tog konstitutivnog naroda.<\/p>\n<p>Svaki klub konstitutivnog naroda predla\u017ee jednog kandidata iz reda svojih \u010dlanova za izbor na mjesto predsjednika ili dopredsjednika Skup\u0161tine kojeg potvr\u0111uje Skup\u0161tina u skladu sa svojim poslovnikom.<\/p>\n<p>Ako jedan konstitutivni narod nije zastupljen u Skup\u0161tini, mjesto dopredsjednika\u00a0 iz tog konstitutivnog naroda ostaje upra\u017enjeno.<\/p>\n<p>Postupak izbora predsjednika i dopredsjednika Skup\u0161tine preciznije \u0107e se regulirati poslovnikom o radu Skup\u0161tine.<\/p>\n<p>&nbsp;<\/p>\n<p style=\"text-align: center;\"><strong>Amandman XVIII<\/strong><\/p>\n<p style=\"text-align: center;\">\u010clanak 26. mijenja se i glasi:<\/p>\n<p>Skup\u0161tina:<\/p>\n<ol>\n<li>a) priprema i usvaja Ustav \u017dupanije<\/li>\n<li>b) donosi zakone i ostale propise neophodne za izvr\u0161enje ovlasti \u017dupanije<\/li>\n<li>c) usvaja prora\u010dun \u017dupanije i donosi zakone o oporezivanju i na drugi na\u010din osigurava potrebito financiranje<\/li>\n<li>d) odobrava zaklju\u010divanje me\u0111unarodnih sporazuma s dr\u017eavama i me\u0111unarodnim organizacijama u skladu s Ustavom Federacije i ovim Ustavom<\/li>\n<li>e) donosi poslovnik o radu Skup\u0161tine<\/li>\n<li>f) bira predsjednika i dopredsjednike Skup\u0161tine te ostale du\u017enosnike sukladno Ustavu i zakonima<\/li>\n<li>g) potvr\u0111uje Vladu \u017dupanije<\/li>\n<li>h) bira izaslanike \u017dupanije u Dom naroda Parlamenta Federacije iz reda zastupnika Skup\u0161tine sukladno Ustavu Federacije<\/li>\n<li>i) provodi istrage i u tu svrhu mo\u017ee zahtijevati pribavljanje dokaza u vidu isprava i iskaza svjedoka, ne ulaze\u0107i u nadle\u017enost sudbene vlasti<\/li>\n<li>j) daje autenti\u010dno tuma\u010denje Ustava, zakona i drugih propisa koje donosi<\/li>\n<li>k) vr\u0161i i druge poslove iz svog djelokruga.<\/li>\n<\/ol>\n<p>&nbsp;<\/p>\n<p style=\"text-align: center;\"><strong>Amandman XIX<\/strong><\/p>\n<p style=\"text-align: center;\">\u00a0Iza \u010dlanka 26. dodaje se novi \u010dlanak 26.a koji glasi:<\/p>\n<p style=\"text-align: center;\">\u010clanak 26.a<\/p>\n<p><strong>Pitanje izja\u0161njavanja gra\u0111ana putem referenduma uredit \u0107e se posebnim zakonom.<\/strong><\/p>\n<p>&nbsp;<\/p>\n<p style=\"text-align: center;\"><strong>Amandman XX<\/strong><\/p>\n<p style=\"text-align: center;\">\u00a0U \u010dlanku 27. stavku 1. to\u010dka c bri\u0161e se.<\/p>\n<p>&nbsp;<\/p>\n<p style=\"text-align: center;\"><strong>Amandman XXI<\/strong><\/p>\n<p style=\"text-align: center;\"><strong>\u010clanak 29. mijenja se i glasi:<\/strong><\/p>\n<p>\u017dupanijski zakoni stupaju na snagu kao \u0161to je u njima odre\u0111eno, ali ne prije nego \u0161to budu objavljeni u slu\u017ebenom glasilu \u017dupanije.<\/p>\n<p>Ostali propisi \u017dupanije mogu stupiti na snagu kao \u0161to je u njima odre\u0111eno, a najranije danom dono\u0161enja.<\/p>\n<p>&nbsp;<\/p>\n<p style=\"text-align: center;\"><strong>Amandman XXII<\/strong><\/p>\n<p style=\"text-align: center;\">\u010clanci 30.,31.,32.,33.,34.,35.,36. i 37. bri\u0161u se.<\/p>\n<p>&nbsp;<\/p>\n<p style=\"text-align: center;\"><strong>Amandman XXIII<\/strong><\/p>\n<p style=\"text-align: center;\">\u010clanci 38. i 39. mijenjaju se i glase:<\/p>\n<p style=\"text-align: center;\">\u010clanak 38.<\/p>\n<p>Kandidata za mjesto predsjednika Vlade imenuje predsjednik Skup\u0161tine u konzultaciji s dopredsjednicima Skup\u0161tine.<\/p>\n<p>Kandidat za mjesto predsjednika Vlade predla\u017ee ministre.<\/p>\n<p>Vladu \u010dine predsjednik Vlade i ministri.<\/p>\n<p><strong>Vlada ima zamjenike predsjednika Vlade koji se biraju iz reda ministara.<\/strong><br \/>\nVladu potvr\u0111uje Skup\u0161tina ve\u0107inom glasova od ukupnog broja zastupnika.<br \/>\nVlada preuzima du\u017enost nakon potvr\u0111ivanja u\u00a0 Skup\u0161tini.<\/p>\n<p>Sastav Vlade odra\u017eava nacionalni sastav pu\u010danstva \u017dupanije.<\/p>\n<p style=\"text-align: center;\">\u010clanak 39.<\/p>\n<p>Vladi prestaje mandat ako joj u bilo koje vrijeme Skup\u0161tina izglasa nepovjerenje.<\/p>\n<p>&nbsp;<\/p>\n<p style=\"text-align: center;\"><strong>Amandman<\/strong><strong> XXIV<\/strong><\/p>\n<p style=\"text-align: center;\">\u010clanak 43. mijenja se i glasi:<\/p>\n<p>Predsjednik Vlade, zamjenici predsjednika Vlade i ministri ne\u0107e biti gra\u0111anski odgovorni za bilo koji postupak izvr\u0161en u okviru njihovih du\u017enosti.<\/p>\n<p>&nbsp;<\/p>\n<p style=\"text-align: center;\"><strong>Amandman XXV<\/strong><\/p>\n<p style=\"text-align: center;\">\u010clanak 44. mijenja se i glasi:<\/p>\n<p>Sudsku funkciju u \u017dupaniji vr\u0161e \u017dupanijski\/Kantonalni sud i Op\u0107inski sud.<\/p>\n<p>&nbsp;<\/p>\n<p style=\"text-align: center;\"><strong>Amandman XXVI<\/strong><\/p>\n<p style=\"text-align: center;\">\u010clanci 48. i 49. mijenjaju se i glase:<\/p>\n<p style=\"text-align: center;\">\u010clanak 48.<\/p>\n<p>Sudovi se osnivaju zakonom.<\/p>\n<p style=\"text-align: center;\">\u010clanak 49.<\/p>\n<p>\u017dupanijski\/Kantonalni sud ima \u017ealbenu nadle\u017enost u odnosu na op\u0107inske sudove u \u017dupaniji i prvostupanjsku nadle\u017enost u stvarima koje ne spadaju u nadle\u017enost op\u0107inskih sudova te druge nadle\u017enosti utvr\u0111ene zakonom.<\/p>\n<p>&nbsp;<\/p>\n<p style=\"text-align: center;\"><strong>Amandman XXVII<\/strong><\/p>\n<p style=\"text-align: center;\">\u010clanci 51. i 52.\u00a0 mijenjaju se i glase:<\/p>\n<p style=\"text-align: center;\">\u010clanak 51.<\/p>\n<p>Suce \u017dupanijskog\/Kantonalnog suda, uklju\u010duju\u0107i i predsjednika \u017dupanijskog\/Kantonalnog suda, bira, imenuje, provodi stegovni postupak i smjenjuje Visoko sudbeno i tu\u017eiteljsko vije\u0107e \u00a0Bosne i Hercegovine (u daljem tekstu Visoko sudbeno i tu\u017eiteljsko vije\u0107e) sukladno zakonu.<\/p>\n<p style=\"text-align: center;\">\u010clanak 52.<\/p>\n<p>Suci \u017dupanijskog\/ Kantonalnog suda, osim pri\u010duvnih sudaca, imenuju se do\u017eivotno, osim ako ne podnesu ostavku, ne odu u mirovinu ili ako ih s razlogom ne smijeni Visoko sudbeno i tu\u017eiteljsko vije\u0107e sukladno zakonu.<\/p>\n<p>Starosna dob propisana za obvezni odlazak u mirovinu sudaca \u017dupanijskog\/Kantonalnog suda utvr\u0111uje se zakonom.<\/p>\n<p>Uvjeti za obna\u0161anje du\u017enosti uklju\u010duju\u0107i i imunitet za suce \u017dupanijskog\/Kantonalnog suda utvr\u0111uju se zakonom.<\/p>\n<p>Pla\u0107e i druge nadoknade sucima \u017dupanijskog\/Kantonalnog suda ne mogu biti umanjene za vrijeme obna\u0161anja suda\u010dke du\u017enosti, osim kao posljedica stegovnog postupka sukladno zakonu.<\/p>\n<p>&nbsp;<\/p>\n<p style=\"text-align: center;\"><strong>Amandman<\/strong><strong> XXVIII<\/strong><\/p>\n<p style=\"text-align: center;\">\u00a0\u010clanak 53.\u00a0 bri\u0161e se.<\/p>\n<p>&nbsp;<\/p>\n<p style=\"text-align: center;\"><strong>Amandman<\/strong><strong> XXIX<\/strong><\/p>\n<p style=\"text-align: center;\">Iza \u010dlanka 54. Poglavlja IV dodaje se novi naslov:<\/p>\n<p>\u201eD) MEHANIZAM ZA\u0160TITE VITALNOG NACIONALNOG INTERESA\u201c i novi \u010dlanci 54.a,54.b i 54.c koji glase:<\/p>\n<p style=\"text-align: center;\">\u010clanak\u00a0 54.a<\/p>\n<p>Vitalni nacionalni interesi konstitutivnih naroda se odnose na:<br \/>\n&#8211; ostvarivanje prava konstitutivnih naroda da budu zastupljeni u zakonodavnim, izvr\u0161nim i pravosudnim tijelima vlasti,<br \/>\n&#8211; identitet jednog konstitutivnog naroda,<br \/>\n&#8211; ustavne amandmane,<br \/>\n&#8211; organizaciju tijela javne vlasti,<br \/>\n&#8211; prava konstitutivnih naroda u procesu dono\u0161enja odluka,<br \/>\n&#8211; obrazovanje, vjeroispovijest, jezik, njegovanje kulture, tradicije i kulturnog naslije\u0111a,<br \/>\n&#8211; teritorijalnu organizaciju,<br \/>\n&#8211; sustav javnog informiranja i<br \/>\n&#8211; druga pitanja koja bi se tretirala kao pitanja od vitalnog nacionalnog interesa ukoliko tako smatra 2\/3 jednog od klubova zastupnika konstitutivnih naroda u Skup\u0161tini.<\/p>\n<p style=\"text-align: center;\">\u010clanak 54.b<\/p>\n<p>Ako najmanje dvoje, od predsjednika i dopredsjednika Skup\u0161tine, tvrde da neki zakon potpada u listu vitalnih nacionalnih interesa utvr\u0111enih u prethodnom \u010dlanku, za usvajanje takvog zakona potrebna je ve\u0107ina glasova unutar svakog od klubova konstitutivnih naroda zastupljenih u Skup\u0161tini.<\/p>\n<p>Predsjednik i dopredsjednici Skup\u0161tine du\u017eni su u roku od sedam dana odlu\u010diti potpada li neki od zakona, propisa ili akata pod listu iz \u010dlanka 54.a ovog Ustava.<\/p>\n<p>Ako samo predsjednik ili samo jedan od dopredsjednika tvrdi da zakon, propis ili akt potpada pod listu vitalnih nacionalnih interesa, dvotre\u0107inska ve\u0107ina odgovaraju\u0107eg kluba jednog od konstitutivnih naroda Skup\u0161tine\u00a0 mo\u017ee proglasiti da je rije\u010d o pitanju s liste vitalnih nacionalnih interesa.<\/p>\n<p style=\"text-align: center;\">\u010clanak 54.c<\/p>\n<p>U slu\u010daju da dvotre\u0107inska ve\u0107ina jednog od klubova konstitutivnih naroda u Skup\u0161tini\u00a0 odlu\u010di da se neki zakon, propis ili akt odnosi na vitalni nacionalni interes, za usvajanje takvog zakona, propisa ili akta, potrebna je ve\u0107ina glasova unutar svakog kluba konstitutivnih naroda zastupljenih u Skup\u0161tini.<\/p>\n<p>Ako se ve\u0107ina iz stavka 1. ovog \u010dlanka ne mo\u017ee posti\u0107i, pitanje se proslje\u0111uje Ustavnom sudu Federacije koji donosi kona\u010dnu odluku o tome odnosi li se dati zakon, propis ili akt na vitalni interes konstitutivnog naroda.<\/p>\n<p>Ako Ustavni sud odlu\u010di da se radi o vitalnom interesu, zakon, propis ili akt se smatra neusvojenim te se dokument vra\u0107a predlaga\u010du koji treba pokrenuti novu proceduru. U tom slu\u010daju predlaga\u010d ne mo\u017ee podnijeti isti tekst zakona, propisa ili akta.<\/p>\n<p>U slu\u010daju da Ustavni sud odlu\u010di da se ne radi o vitalnom interesu, zakon, propis ili akt se smatra usvojenim odnosno usvaja se jednostavnom ve\u0107inom glasova.<\/p>\n<p>&nbsp;<\/p>\n<p style=\"text-align: center;\"><strong>Amandman<\/strong><strong> XXX<\/strong><\/p>\n<p style=\"text-align: center;\">\u010clanci 73., 74. i 75. mijenjaju se i glase:<\/p>\n<p style=\"text-align: center;\">\u010clanak 73.<\/p>\n<p>Suce op\u0107inskih sudova, uklju\u010duju\u0107i i predsjednike sudova, odabire, imenuje, provodi stegovni postupak \u00a0i smjenjuje Visoko sudbeno i tu\u017eiteljsko vije\u0107e sukladno zakonu.<\/p>\n<p style=\"text-align: center;\">\u010clanak 74.<\/p>\n<p>Suci op\u0107inskih sudova osim pri\u010duvnih sudaca, imenuju se do\u017eivotno osim ako ne podnesu ostavku, ne odu u mirovinu ili ako ih s razlogom ne smijeni Visoko sudbeno i tu\u017eiteljsko vije\u0107e sukladno zakonu.<\/p>\n<p>Starosna dob propisana za obvezni odlazak u mirovinu sudaca op\u0107inskih sudova utvr\u0111uje se zakonom.<\/p>\n<p>Uvjeti za obna\u0161anje du\u017enosti, uklju\u010duju\u0107i i imunitet za suce op\u0107inskih sudova utvr\u0111uju se zakonom.<\/p>\n<p>Pla\u0107e i druge nadoknade sucima op\u0107inskih sudova ne mogu biti umanjene za vrijeme obna\u0161anja suda\u010dke du\u017enosti, osim kao posljedica stegovnog postupka, sukladno zakonu.<\/p>\n<p style=\"text-align: center;\">\u010clanak 75.<\/p>\n<p>Amandmane na Ustav \u017dupanije mo\u017ee predlagati predsjednik Skup\u0161tine, Vlada, ve\u0107ina zastupnika u Skup\u0161tini i klubovi konstitutivnih naroda.<\/p>\n<p>Predlo\u017eeni amandman na Ustav \u017dupanije ne\u0107e se kona\u010dno razmatrati u Skup\u0161tini prije isteka roka od 2 tjedna nakon \u0161to je prvi put podnesen.<br \/>\nPredlo\u017eeni amandman usvaja se dvotre\u0107inskom ve\u0107inom glasova zastupnika u Skup\u0161tini.<\/p>\n<p>&nbsp;<\/p>\n<p style=\"text-align: center;\"><strong>Amandman<\/strong><strong> XXXI<\/strong><\/p>\n<p style=\"text-align: center;\">\u010clanak 77.\u00a0 stavak 2. mijenja se i glasi:<\/p>\n<p>Ustav se usvaja dvotre\u0107inskom ve\u0107inom glasova zastupnika u Skup\u0161tini i stupa na snagu u pono\u0107 onog dana kada ga Skup\u0161tina usvoji, a objavit \u0107e se u \u201eNarodnim novinama \u017dupanije Posavske\u201c.<\/p>\n<p>&nbsp;<\/p>\n<p style=\"text-align: center;\"><strong>Amandman <\/strong><strong>XXXII<\/strong><\/p>\n<p style=\"text-align: center;\">\u010clanci 78., 79., 80., 81., 82. i 83. bri\u0161u se.<\/p>\n<p>&nbsp;<\/p>\n<p style=\"text-align: center;\"><strong>Amandman XXXIII<\/strong><\/p>\n<p style=\"text-align: center;\">\u010clanak 10. mijenja se i glasi:<\/p>\n<p>Slu\u017ebeni jezici \u017dupanije su: hrvatski jezik, bosanski jezik i srpski jezik.<\/p>\n<p>Slu\u017ebena pisma su latinica i \u0107irilica.<\/p>\n<p>Ostali jezici mogu se koristiti kao sredstvo komunikacije i nastave.<\/p>\n<p>&nbsp;<\/p>\n<p>Bosna i Hercegovina<br \/>\nFEDERACIJA BOSNE I HERCEGOVINE<br \/>\n\u017dUPANIJA POSAVSKA<br \/>\nSkup\u0161tina<br \/>\nBroj: 01-02-63-10\/21<br \/>\nDomaljevac, 16. 12. 2021. godine<\/p>\n<p style=\"text-align: right;\">Predsjednik<br \/>\nBla\u017e \u017dupari\u0107, v. r.<\/p>\n","protected":false},"excerpt":{"rendered":"<p>Na temelju \u010dlanka 75. Ustava \u017dupanije Posavske (\u201cNarodne novine \u017dupanije Posavske\u201d broj 1\/96, 3\/96, 7\/99, 3\/00, 5\/00 i 7\/04), Skup\u0161tina \u017dupanije Posavske, na VIII. izvanrednoj sjednici odr\u017eanoj dana 16. 12. 2021. godine, usvojila je &nbsp; Amandmane XIII-XXXIII na Ustav \u017dupanije Posavske \u00a0 Amandman XIII \u010clanak 2. mijenja se i glasi: Hrvati, Bo\u0161njaci i Srbi, kao &hellip;<br \/><a href=\"https:\/\/skupstinazp.ba\/new\/amandman-16-prosinac-2021-godine\/\" class=\"more-link pen_button pen_element_default pen_icon_arrow_double\">Nastavite \u010ditati <span class=\"screen-reader-text\">Amandman 16. prosinac 2021. godine<\/span><\/a><\/p>\n","protected":false},"author":2,"featured_media":0,"parent":0,"menu_order":0,"comment_status":"closed","ping_status":"closed","template":"","meta":{"footnotes":""},"class_list":["post-4772","page","type-page","status-publish","hentry"],"_links":{"self":[{"href":"https:\/\/skupstinazp.ba\/new\/wp-json\/wp\/v2\/pages\/4772","targetHints":{"allow":["GET"]}}],"collection":[{"href":"https:\/\/skupstinazp.ba\/new\/wp-json\/wp\/v2\/pages"}],"about":[{"href":"https:\/\/skupstinazp.ba\/new\/wp-json\/wp\/v2\/types\/page"}],"author":[{"embeddable":true,"href":"https:\/\/skupstinazp.ba\/new\/wp-json\/wp\/v2\/users\/2"}],"replies":[{"embeddable":true,"href":"https:\/\/skupstinazp.ba\/new\/wp-json\/wp\/v2\/comments?post=4772"}],"version-history":[{"count":5,"href":"https:\/\/skupstinazp.ba\/new\/wp-json\/wp\/v2\/pages\/4772\/revisions"}],"predecessor-version":[{"id":4783,"href":"https:\/\/skupstinazp.ba\/new\/wp-json\/wp\/v2\/pages\/4772\/revisions\/4783"}],"wp:attachment":[{"href":"https:\/\/skupstinazp.ba\/new\/wp-json\/wp\/v2\/media?parent=4772"}],"curies":[{"name":"wp","href":"https:\/\/api.w.org\/{rel}","templated":true}]}}