{"id":61,"date":"2011-11-19T13:27:51","date_gmt":"2011-11-19T13:27:51","guid":{"rendered":"http:\/\/skupstinazp.ba\/?page_id=61"},"modified":"2011-11-19T13:27:51","modified_gmt":"2011-11-19T13:27:51","slug":"dokumenti","status":"publish","type":"page","link":"https:\/\/skupstinazp.ba\/new\/dokumenti\/","title":{"rendered":"Dokumenti"},"content":{"rendered":"<p style=\"text-align: justify;\">U ovim podstranicama mo\u017eete prona\u0107i i skinuti sve bitne dokumente Skup\u0161tine \u017dupanije Posavske.<\/p>\n<p style=\"text-align: justify;\">Ako Vam zatreba dokument ili informacija koja se ne nalazi na stranicama, molimo Vas obratite se putem kontakt forme ili na e-mail stru\u010dne slu\u017ebe Skup\u0161tine.<\/p>\n","protected":false},"excerpt":{"rendered":"<p>U ovim podstranicama mo\u017eete prona\u0107i i skinuti sve bitne dokumente Skup\u0161tine \u017dupanije Posavske. Ako Vam zatreba dokument ili informacija koja se ne nalazi na stranicama, molimo Vas obratite se putem kontakt forme ili na e-mail stru\u010dne slu\u017ebe Skup\u0161tine.<\/p>\n","protected":false},"author":2,"featured_media":0,"parent":0,"menu_order":8,"comment_status":"closed","ping_status":"closed","template":"","meta":{"footnotes":""},"class_list":["post-61","page","type-page","status-publish","hentry"],"_links":{"self":[{"href":"https:\/\/skupstinazp.ba\/new\/wp-json\/wp\/v2\/pages\/61","targetHints":{"allow":["GET"]}}],"collection":[{"href":"https:\/\/skupstinazp.ba\/new\/wp-json\/wp\/v2\/pages"}],"about":[{"href":"https:\/\/skupstinazp.ba\/new\/wp-json\/wp\/v2\/types\/page"}],"author":[{"embeddable":true,"href":"https:\/\/skupstinazp.ba\/new\/wp-json\/wp\/v2\/users\/2"}],"replies":[{"embeddable":true,"href":"https:\/\/skupstinazp.ba\/new\/wp-json\/wp\/v2\/comments?post=61"}],"version-history":[{"count":0,"href":"https:\/\/skupstinazp.ba\/new\/wp-json\/wp\/v2\/pages\/61\/revisions"}],"wp:attachment":[{"href":"https:\/\/skupstinazp.ba\/new\/wp-json\/wp\/v2\/media?parent=61"}],"curies":[{"name":"wp","href":"https:\/\/api.w.org\/{rel}","templated":true}]}}